{"id":122,"date":"2015-02-27T13:38:14","date_gmt":"2015-02-27T13:38:14","guid":{"rendered":"http:\/\/motorcycletrading.com\/contact-2\/"},"modified":"2015-08-18T13:59:28","modified_gmt":"2015-08-18T13:59:28","slug":"kontakt","status":"publish","type":"page","link":"https:\/\/motorcycletrading.com\/de\/kontakt\/","title":{"rendered":"Kontakt"},"content":{"rendered":"<h2>Kontakt<\/h2>\n<p>H\u00e4tten Sie gern weitere Informationen zu Motorr\u00e4dern, Gel\u00e4ndefahrzeugen, Quads, Au\u00dfenbordmotoren und anderen Produkten aus diesem Bereich? Hinterlassen Sie uns dann hier einfach Ihre Kontaktdaten, und wir setzen uns umgehend mit Ihnen in Verbindung:<\/p>\n<p class=\"p1\"><span class=\"s1\">Die mit * gekennzeichneten Felder m\u00fcssen ausgef\u00fcllt werden<\/span><\/p>\n","protected":false},"excerpt":{"rendered":"<p>Kontakt H\u00e4tten Sie gern weitere Informationen zu Motorr\u00e4dern, Gel\u00e4ndefahrzeugen, Quads, Au\u00dfenbordmotoren und anderen Produkten aus diesem Bereich? Hinterlassen Sie uns dann hier einfach Ihre Kontaktdaten, und wir setzen uns umgehend mit Ihnen in Verbindung: Die mit * gekennzeichneten Felder m\u00fcssen ausgef\u00fcllt werden<\/p>\n","protected":false},"author":3,"featured_media":0,"parent":0,"menu_order":0,"comment_status":"closed","ping_status":"closed","template":"page-contact.php","meta":{"_monsterinsights_skip_tracking":false,"_monsterinsights_sitenote_active":false,"_monsterinsights_sitenote_note":"","_monsterinsights_sitenote_category":0,"_genesis_hide_title":false,"_genesis_hide_breadcrumbs":false,"_genesis_hide_singular_image":false,"_genesis_hide_footer_widgets":false,"_genesis_custom_body_class":"","_genesis_custom_post_class":"","_genesis_layout":"","footnotes":""},"class_list":{"0":"post-122","1":"page","2":"type-page","3":"status-publish","5":"entry","6":"has-post-thumbnail"},"yoast_head":"<!-- This site is optimized with the Yoast SEO plugin v27.0 - https:\/\/yoast.com\/product\/yoast-seo-wordpress\/ -->\n<title>Kontakt - VDM<\/title>\n<meta name=\"robots\" content=\"index, follow, max-snippet:-1, max-image-preview:large, max-video-preview:-1\" \/>\n<link rel=\"canonical\" href=\"https:\/\/motorcycletrading.com\/de\/kontakt\/\" \/>\n<meta property=\"og:locale\" content=\"de_DE\" \/>\n<meta property=\"og:type\" content=\"article\" \/>\n<meta property=\"og:title\" content=\"Kontakt - VDM\" \/>\n<meta property=\"og:description\" content=\"Kontakt H\u00e4tten Sie gern weitere Informationen zu Motorr\u00e4dern, Gel\u00e4ndefahrzeugen, Quads, Au\u00dfenbordmotoren und anderen Produkten aus diesem Bereich? Hinterlassen Sie uns dann hier einfach Ihre Kontaktdaten, und wir setzen uns umgehend mit Ihnen in Verbindung: Die mit * gekennzeichneten Felder m\u00fcssen ausgef\u00fcllt werden\" \/>\n<meta property=\"og:url\" content=\"https:\/\/motorcycletrading.com\/de\/kontakt\/\" \/>\n<meta property=\"og:site_name\" content=\"VDM\" \/>\n<meta property=\"article:publisher\" content=\"https:\/\/www.facebook.com\/motorcycletrading\" \/>\n<meta property=\"article:modified_time\" content=\"2015-08-18T13:59:28+00:00\" \/>\n<meta name=\"twitter:card\" content=\"summary_large_image\" \/>\n<script type=\"application\/ld+json\" class=\"yoast-schema-graph\">{\"@context\":\"https:\/\/schema.org\",\"@graph\":[{\"@type\":\"WebPage\",\"@id\":\"https:\/\/motorcycletrading.com\/de\/kontakt\/\",\"url\":\"https:\/\/motorcycletrading.com\/de\/kontakt\/\",\"name\":\"Kontakt - VDM\",\"isPartOf\":{\"@id\":\"https:\/\/motorcycletrading.com\/#website\"},\"datePublished\":\"2015-02-27T13:38:14+00:00\",\"dateModified\":\"2015-08-18T13:59:28+00:00\",\"breadcrumb\":{\"@id\":\"https:\/\/motorcycletrading.com\/de\/kontakt\/#breadcrumb\"},\"inLanguage\":\"de\",\"potentialAction\":[{\"@type\":\"ReadAction\",\"target\":[\"https:\/\/motorcycletrading.com\/de\/kontakt\/\"]}]},{\"@type\":\"BreadcrumbList\",\"@id\":\"https:\/\/motorcycletrading.com\/de\/kontakt\/#breadcrumb\",\"itemListElement\":[{\"@type\":\"ListItem\",\"position\":1,\"name\":\"Home\",\"item\":\"https:\/\/motorcycletrading.com\/de\/\"},{\"@type\":\"ListItem\",\"position\":2,\"name\":\"Kontakt\"}]},{\"@type\":\"WebSite\",\"@id\":\"https:\/\/motorcycletrading.com\/#website\",\"url\":\"https:\/\/motorcycletrading.com\/\",\"name\":\"VDM\",\"description\":\"Import Export Worldwide\",\"potentialAction\":[{\"@type\":\"SearchAction\",\"target\":{\"@type\":\"EntryPoint\",\"urlTemplate\":\"https:\/\/motorcycletrading.com\/?s={search_term_string}\"},\"query-input\":{\"@type\":\"PropertyValueSpecification\",\"valueRequired\":true,\"valueName\":\"search_term_string\"}}],\"inLanguage\":\"de\"}]}<\/script>\n<!-- \/ Yoast SEO plugin. -->","yoast_head_json":{"title":"Kontakt - VDM","robots":{"index":"index","follow":"follow","max-snippet":"max-snippet:-1","max-image-preview":"max-image-preview:large","max-video-preview":"max-video-preview:-1"},"canonical":"https:\/\/motorcycletrading.com\/de\/kontakt\/","og_locale":"de_DE","og_type":"article","og_title":"Kontakt - VDM","og_description":"Kontakt H\u00e4tten Sie gern weitere Informationen zu Motorr\u00e4dern, Gel\u00e4ndefahrzeugen, Quads, Au\u00dfenbordmotoren und anderen Produkten aus diesem Bereich? Hinterlassen Sie uns dann hier einfach Ihre Kontaktdaten, und wir setzen uns umgehend mit Ihnen in Verbindung: Die mit * gekennzeichneten Felder m\u00fcssen ausgef\u00fcllt werden","og_url":"https:\/\/motorcycletrading.com\/de\/kontakt\/","og_site_name":"VDM","article_publisher":"https:\/\/www.facebook.com\/motorcycletrading","article_modified_time":"2015-08-18T13:59:28+00:00","twitter_card":"summary_large_image","schema":{"@context":"https:\/\/schema.org","@graph":[{"@type":"WebPage","@id":"https:\/\/motorcycletrading.com\/de\/kontakt\/","url":"https:\/\/motorcycletrading.com\/de\/kontakt\/","name":"Kontakt - VDM","isPartOf":{"@id":"https:\/\/motorcycletrading.com\/#website"},"datePublished":"2015-02-27T13:38:14+00:00","dateModified":"2015-08-18T13:59:28+00:00","breadcrumb":{"@id":"https:\/\/motorcycletrading.com\/de\/kontakt\/#breadcrumb"},"inLanguage":"de","potentialAction":[{"@type":"ReadAction","target":["https:\/\/motorcycletrading.com\/de\/kontakt\/"]}]},{"@type":"BreadcrumbList","@id":"https:\/\/motorcycletrading.com\/de\/kontakt\/#breadcrumb","itemListElement":[{"@type":"ListItem","position":1,"name":"Home","item":"https:\/\/motorcycletrading.com\/de\/"},{"@type":"ListItem","position":2,"name":"Kontakt"}]},{"@type":"WebSite","@id":"https:\/\/motorcycletrading.com\/#website","url":"https:\/\/motorcycletrading.com\/","name":"VDM","description":"Import Export Worldwide","potentialAction":[{"@type":"SearchAction","target":{"@type":"EntryPoint","urlTemplate":"https:\/\/motorcycletrading.com\/?s={search_term_string}"},"query-input":{"@type":"PropertyValueSpecification","valueRequired":true,"valueName":"search_term_string"}}],"inLanguage":"de"}]}},"_links":{"self":[{"href":"https:\/\/motorcycletrading.com\/de\/wp-json\/wp\/v2\/pages\/122","targetHints":{"allow":["GET"]}}],"collection":[{"href":"https:\/\/motorcycletrading.com\/de\/wp-json\/wp\/v2\/pages"}],"about":[{"href":"https:\/\/motorcycletrading.com\/de\/wp-json\/wp\/v2\/types\/page"}],"author":[{"embeddable":true,"href":"https:\/\/motorcycletrading.com\/de\/wp-json\/wp\/v2\/users\/3"}],"replies":[{"embeddable":true,"href":"https:\/\/motorcycletrading.com\/de\/wp-json\/wp\/v2\/comments?post=122"}],"version-history":[{"count":6,"href":"https:\/\/motorcycletrading.com\/de\/wp-json\/wp\/v2\/pages\/122\/revisions"}],"predecessor-version":[{"id":695,"href":"https:\/\/motorcycletrading.com\/de\/wp-json\/wp\/v2\/pages\/122\/revisions\/695"}],"wp:attachment":[{"href":"https:\/\/motorcycletrading.com\/de\/wp-json\/wp\/v2\/media?parent=122"}],"curies":[{"name":"wp","href":"https:\/\/api.w.org\/{rel}","templated":true}]}}