{"id":13,"date":"2015-02-19T17:10:55","date_gmt":"2015-02-19T17:10:55","guid":{"rendered":"http:\/\/motorcycletrading.com\/?page_id=13"},"modified":"2015-08-31T12:46:12","modified_gmt":"2015-08-31T12:46:12","slug":"welkom","status":"publish","type":"page","link":"https:\/\/motorcycletrading.com\/de\/","title":{"rendered":"VDM Import und Export von Motorr\u00e4dern, Quads, Gel\u00e4ndefahrzeugen und Au\u00dfenbordmotoren"},"content":{"rendered":"<p class=\"p1\">Die VDM Motorcycletrading GmbH ist <em>der<\/em> Lieferant schlechthin von neuen Motorr\u00e4dern und verwandten Artikeln. Wir im- und exportieren Stra\u00dfenmotorr\u00e4der, Motocrossr\u00e4der, Motorroller, Quads, Gel\u00e4ndefahrzeuge, Au\u00dfenbordmotoren, Wassermotorr\u00e4der (Jetskis), UTVs, Schlauchboote, Schneemobile, Golfwagen und Stromgeneratoren der bekannten Marken Aprilia, BMW, Ducati, Honda, Kawasaki, Moto Guzzi, Piaggio, Suzuki, Yamaha u.\u00a0v.\u00a0m.<\/p>\n<h3>Gro\u00dfes und breites Motorradsortiment<\/h3>\n<p>Die VDM GmbH verf\u00fcgt dank langj\u00e4hriger Erfahrung in der Motorradbranche \u00fcber ein weites internationales Netzwerk. Dadurch ist unser Sortiment an Motorr\u00e4dern, Quads, Gel\u00e4ndefahrzeugen, Au\u00dfenbordmotoren und verwandten Artikeln au\u00dferordentlich breit, und so k\u00f6nnen wir Ihren W\u00fcnschen und Anforderungen praktisch immer gerecht werden. Wir sind ausschlie\u00dflich im und f\u00fcr den Fachhandel t\u00e4tig.<\/p>\n","protected":false},"excerpt":{"rendered":"<p>Die VDM Motorcycletrading GmbH ist der Lieferant schlechthin von neuen Motorr\u00e4dern und verwandten Artikeln. Wir im- und exportieren Stra\u00dfenmotorr\u00e4der, Motocrossr\u00e4der, Motorroller, Quads, Gel\u00e4ndefahrzeuge, Au\u00dfenbordmotoren, Wassermotorr\u00e4der (Jetskis), UTVs, Schlauchboote, Schneemobile, Golfwagen und Stromgeneratoren der bekannten Marken Aprilia, BMW, Ducati, Honda, Kawasaki, Moto Guzzi, Piaggio, Suzuki, Yamaha u.\u00a0v.\u00a0m. Gro\u00dfes und breites Motorradsortiment Die VDM GmbH verf\u00fcgt dank [&hellip;]<\/p>\n","protected":false},"author":3,"featured_media":0,"parent":0,"menu_order":0,"comment_status":"closed","ping_status":"closed","template":"page-home.php","meta":{"_monsterinsights_skip_tracking":false,"_monsterinsights_sitenote_active":false,"_monsterinsights_sitenote_note":"","_monsterinsights_sitenote_category":0,"_genesis_hide_title":false,"_genesis_hide_breadcrumbs":false,"_genesis_hide_singular_image":false,"_genesis_hide_footer_widgets":false,"_genesis_custom_body_class":"","_genesis_custom_post_class":"","_genesis_layout":"","footnotes":""},"class_list":{"0":"post-13","1":"page","2":"type-page","3":"status-publish","5":"entry","6":"has-post-thumbnail"},"yoast_head":"<!-- This site is optimized with the Yoast SEO plugin v27.0 - https:\/\/yoast.com\/product\/yoast-seo-wordpress\/ -->\n<title>VDM Import und Export von Motorr\u00e4dern, Quads, Gel\u00e4ndefahrzeugen und Au\u00dfenbordmotoren - VDM<\/title>\n<meta name=\"robots\" content=\"index, follow, max-snippet:-1, max-image-preview:large, max-video-preview:-1\" \/>\n<link rel=\"canonical\" href=\"https:\/\/motorcycletrading.com\/de\/\" \/>\n<meta property=\"og:locale\" content=\"de_DE\" \/>\n<meta property=\"og:type\" content=\"article\" \/>\n<meta property=\"og:title\" content=\"VDM Import und Export von Motorr\u00e4dern, Quads, Gel\u00e4ndefahrzeugen und Au\u00dfenbordmotoren - VDM\" \/>\n<meta property=\"og:description\" content=\"Die VDM Motorcycletrading GmbH ist der Lieferant schlechthin von neuen Motorr\u00e4dern und verwandten Artikeln. Wir im- und exportieren Stra\u00dfenmotorr\u00e4der, Motocrossr\u00e4der, Motorroller, Quads, Gel\u00e4ndefahrzeuge, Au\u00dfenbordmotoren, Wassermotorr\u00e4der (Jetskis), UTVs, Schlauchboote, Schneemobile, Golfwagen und Stromgeneratoren der bekannten Marken Aprilia, BMW, Ducati, Honda, Kawasaki, Moto Guzzi, Piaggio, Suzuki, Yamaha u.\u00a0v.\u00a0m. Gro\u00dfes und breites Motorradsortiment Die VDM GmbH verf\u00fcgt dank [&hellip;]\" \/>\n<meta property=\"og:url\" content=\"https:\/\/motorcycletrading.com\/de\/\" \/>\n<meta property=\"og:site_name\" content=\"VDM\" \/>\n<meta property=\"article:publisher\" content=\"https:\/\/www.facebook.com\/motorcycletrading\" \/>\n<meta property=\"article:modified_time\" content=\"2015-08-31T12:46:12+00:00\" \/>\n<meta name=\"twitter:card\" content=\"summary_large_image\" \/>\n<meta name=\"twitter:label1\" content=\"Gesch\u00e4tzte Lesezeit\" \/>\n\t<meta name=\"twitter:data1\" content=\"1\u00a0Minute\" \/>\n<script type=\"application\/ld+json\" class=\"yoast-schema-graph\">{\"@context\":\"https:\/\/schema.org\",\"@graph\":[{\"@type\":\"WebPage\",\"@id\":\"https:\/\/motorcycletrading.com\/de\/\",\"url\":\"https:\/\/motorcycletrading.com\/de\/\",\"name\":\"VDM Import und Export von Motorr\u00e4dern, Quads, Gel\u00e4ndefahrzeugen und Au\u00dfenbordmotoren - VDM\",\"isPartOf\":{\"@id\":\"https:\/\/motorcycletrading.com\/#website\"},\"datePublished\":\"2015-02-19T17:10:55+00:00\",\"dateModified\":\"2015-08-31T12:46:12+00:00\",\"breadcrumb\":{\"@id\":\"https:\/\/motorcycletrading.com\/de\/#breadcrumb\"},\"inLanguage\":\"de\",\"potentialAction\":[{\"@type\":\"ReadAction\",\"target\":[\"https:\/\/motorcycletrading.com\/de\/\"]}]},{\"@type\":\"BreadcrumbList\",\"@id\":\"https:\/\/motorcycletrading.com\/de\/#breadcrumb\",\"itemListElement\":[{\"@type\":\"ListItem\",\"position\":1,\"name\":\"Home\",\"item\":\"https:\/\/motorcycletrading.com\/de\/\"},{\"@type\":\"ListItem\",\"position\":2,\"name\":\"VDM Import und Export von Motorr\u00e4dern, Quads, Gel\u00e4ndefahrzeugen und Au\u00dfenbordmotoren\"}]},{\"@type\":\"WebSite\",\"@id\":\"https:\/\/motorcycletrading.com\/#website\",\"url\":\"https:\/\/motorcycletrading.com\/\",\"name\":\"VDM\",\"description\":\"Import Export Worldwide\",\"potentialAction\":[{\"@type\":\"SearchAction\",\"target\":{\"@type\":\"EntryPoint\",\"urlTemplate\":\"https:\/\/motorcycletrading.com\/?s={search_term_string}\"},\"query-input\":{\"@type\":\"PropertyValueSpecification\",\"valueRequired\":true,\"valueName\":\"search_term_string\"}}],\"inLanguage\":\"de\"}]}<\/script>\n<!-- \/ Yoast SEO plugin. -->","yoast_head_json":{"title":"VDM Import und Export von Motorr\u00e4dern, Quads, Gel\u00e4ndefahrzeugen und Au\u00dfenbordmotoren - VDM","robots":{"index":"index","follow":"follow","max-snippet":"max-snippet:-1","max-image-preview":"max-image-preview:large","max-video-preview":"max-video-preview:-1"},"canonical":"https:\/\/motorcycletrading.com\/de\/","og_locale":"de_DE","og_type":"article","og_title":"VDM Import und Export von Motorr\u00e4dern, Quads, Gel\u00e4ndefahrzeugen und Au\u00dfenbordmotoren - VDM","og_description":"Die VDM Motorcycletrading GmbH ist der Lieferant schlechthin von neuen Motorr\u00e4dern und verwandten Artikeln. Wir im- und exportieren Stra\u00dfenmotorr\u00e4der, Motocrossr\u00e4der, Motorroller, Quads, Gel\u00e4ndefahrzeuge, Au\u00dfenbordmotoren, Wassermotorr\u00e4der (Jetskis), UTVs, Schlauchboote, Schneemobile, Golfwagen und Stromgeneratoren der bekannten Marken Aprilia, BMW, Ducati, Honda, Kawasaki, Moto Guzzi, Piaggio, Suzuki, Yamaha u.\u00a0v.\u00a0m. Gro\u00dfes und breites Motorradsortiment Die VDM GmbH verf\u00fcgt dank [&hellip;]","og_url":"https:\/\/motorcycletrading.com\/de\/","og_site_name":"VDM","article_publisher":"https:\/\/www.facebook.com\/motorcycletrading","article_modified_time":"2015-08-31T12:46:12+00:00","twitter_card":"summary_large_image","twitter_misc":{"Gesch\u00e4tzte Lesezeit":"1\u00a0Minute"},"schema":{"@context":"https:\/\/schema.org","@graph":[{"@type":"WebPage","@id":"https:\/\/motorcycletrading.com\/de\/","url":"https:\/\/motorcycletrading.com\/de\/","name":"VDM Import und Export von Motorr\u00e4dern, Quads, Gel\u00e4ndefahrzeugen und Au\u00dfenbordmotoren - VDM","isPartOf":{"@id":"https:\/\/motorcycletrading.com\/#website"},"datePublished":"2015-02-19T17:10:55+00:00","dateModified":"2015-08-31T12:46:12+00:00","breadcrumb":{"@id":"https:\/\/motorcycletrading.com\/de\/#breadcrumb"},"inLanguage":"de","potentialAction":[{"@type":"ReadAction","target":["https:\/\/motorcycletrading.com\/de\/"]}]},{"@type":"BreadcrumbList","@id":"https:\/\/motorcycletrading.com\/de\/#breadcrumb","itemListElement":[{"@type":"ListItem","position":1,"name":"Home","item":"https:\/\/motorcycletrading.com\/de\/"},{"@type":"ListItem","position":2,"name":"VDM Import und Export von Motorr\u00e4dern, Quads, Gel\u00e4ndefahrzeugen und Au\u00dfenbordmotoren"}]},{"@type":"WebSite","@id":"https:\/\/motorcycletrading.com\/#website","url":"https:\/\/motorcycletrading.com\/","name":"VDM","description":"Import Export Worldwide","potentialAction":[{"@type":"SearchAction","target":{"@type":"EntryPoint","urlTemplate":"https:\/\/motorcycletrading.com\/?s={search_term_string}"},"query-input":{"@type":"PropertyValueSpecification","valueRequired":true,"valueName":"search_term_string"}}],"inLanguage":"de"}]}},"_links":{"self":[{"href":"https:\/\/motorcycletrading.com\/de\/wp-json\/wp\/v2\/pages\/13","targetHints":{"allow":["GET"]}}],"collection":[{"href":"https:\/\/motorcycletrading.com\/de\/wp-json\/wp\/v2\/pages"}],"about":[{"href":"https:\/\/motorcycletrading.com\/de\/wp-json\/wp\/v2\/types\/page"}],"author":[{"embeddable":true,"href":"https:\/\/motorcycletrading.com\/de\/wp-json\/wp\/v2\/users\/3"}],"replies":[{"embeddable":true,"href":"https:\/\/motorcycletrading.com\/de\/wp-json\/wp\/v2\/comments?post=13"}],"version-history":[{"count":4,"href":"https:\/\/motorcycletrading.com\/de\/wp-json\/wp\/v2\/pages\/13\/revisions"}],"predecessor-version":[{"id":512,"href":"https:\/\/motorcycletrading.com\/de\/wp-json\/wp\/v2\/pages\/13\/revisions\/512"}],"wp:attachment":[{"href":"https:\/\/motorcycletrading.com\/de\/wp-json\/wp\/v2\/media?parent=13"}],"curies":[{"name":"wp","href":"https:\/\/api.w.org\/{rel}","templated":true}]}}