{"id":314,"date":"2014-12-03T10:28:57","date_gmt":"2014-12-03T10:28:57","guid":{"rendered":"http:\/\/motorcycletrading.com\/over-ons-2\/"},"modified":"2024-01-18T09:32:18","modified_gmt":"2024-01-18T09:32:18","slug":"uber-uns","status":"publish","type":"page","link":"https:\/\/motorcycletrading.com\/de\/uber-uns\/","title":{"rendered":"\u00dcber uns"},"content":{"rendered":"<h2>VDM GmbH<\/h2>\n<p>Die langj\u00e4hrige Erfahrung in der Motorradbranche geht inss Jahr 1954 zur\u00fcck, als Piet van Dijk sein erstes Motorrad verkaufte. In den 60er-Jahren wurde sein Gesch\u00e4ft von seinen S\u00f6hnen Willy und Piet ausgebaut, die Piet van Dijk Motoren\/Motorpaleis Piet van Dijk gr\u00fcndeten. Nach erfolgreichen Jahren, besonders im Einzelhandel f\u00fcr Motorr\u00e4der, wurde die Firma von einer landesweiten Kette von Motorradgesch\u00e4ften \u00fcbernommen. Im Jahr 2000 nahm Ingo van Dijk (Sohn von Willy van Dijk) der VDM GmbH als B2B-Unternehmen seine T\u00e4tigkeit auf. Diesmal lag der Fokus auf dem reinen Im- und Export neuer Stra\u00dfenmotorr\u00e4der, Motorcross\u00e4der, Gel\u00e4ndefahrzeuge, Quads, Motorroller, Au\u00dfenbordmotoren und verwandter Artikel.<\/p>\n<p>Die VDM GmbH kennt den internationalen Motorradhandel wie kein anderer. In der Vergangenheit wurden bereits viele internationale Kontakte gekn\u00fcpft, die bis heute weiter ausgebaut werden. Im B2B-Handel f\u00fcr Motorr\u00e4der und Zubeh\u00f6rsind Professionalit\u00e4t, Zuverl\u00e4ssigkeit und Know-how unerl\u00e4sslich. Unser Service zeichnet sich durch Flexibilit\u00e4t und gr\u00f6\u00dfte diskretion aus. Die VDM GmbH bringt das richtige Produkt zum richtigen Zeitpunkt an die richtige Stelle.<\/p>\n<p>In Gronau (Deutschland), unweit der niederl\u00e4ndisch-deutschen Grenze, unterh\u00e4lt die VDM GmbH auf 6.000\u00a0m<sup>2<\/sup> ein gro\u00dfes Zentrallager, von dem aus der europ\u00e4ische und internationale Fachhandel effizientbeliefert werden kann.<\/p>\n","protected":false},"excerpt":{"rendered":"<p>VDM GmbH Die langj\u00e4hrige Erfahrung in der Motorradbranche geht inss Jahr 1954 zur\u00fcck, als Piet van Dijk sein erstes Motorrad verkaufte. In den 60er-Jahren wurde sein Gesch\u00e4ft von seinen S\u00f6hnen Willy und Piet ausgebaut, die Piet van Dijk Motoren\/Motorpaleis Piet van Dijk gr\u00fcndeten. Nach erfolgreichen Jahren, besonders im Einzelhandel f\u00fcr Motorr\u00e4der, wurde die Firma von [&hellip;]<\/p>\n","protected":false},"author":3,"featured_media":0,"parent":0,"menu_order":0,"comment_status":"closed","ping_status":"closed","template":"page-about.php","meta":{"_monsterinsights_skip_tracking":false,"_monsterinsights_sitenote_active":false,"_monsterinsights_sitenote_note":"","_monsterinsights_sitenote_category":0,"_genesis_hide_title":false,"_genesis_hide_breadcrumbs":false,"_genesis_hide_singular_image":false,"_genesis_hide_footer_widgets":false,"_genesis_custom_body_class":"","_genesis_custom_post_class":"","_genesis_layout":"","footnotes":""},"class_list":{"0":"post-314","1":"page","2":"type-page","3":"status-publish","5":"entry","6":"has-post-thumbnail"},"yoast_head":"<!-- This site is optimized with the Yoast SEO plugin v27.0 - https:\/\/yoast.com\/product\/yoast-seo-wordpress\/ -->\n<title>\u00dcber uns - VDM<\/title>\n<meta name=\"robots\" content=\"index, follow, max-snippet:-1, max-image-preview:large, max-video-preview:-1\" \/>\n<link rel=\"canonical\" href=\"https:\/\/motorcycletrading.com\/de\/uber-uns\/\" \/>\n<meta property=\"og:locale\" content=\"de_DE\" \/>\n<meta property=\"og:type\" content=\"article\" \/>\n<meta property=\"og:title\" content=\"\u00dcber uns - VDM\" \/>\n<meta property=\"og:description\" content=\"VDM GmbH Die langj\u00e4hrige Erfahrung in der Motorradbranche geht inss Jahr 1954 zur\u00fcck, als Piet van Dijk sein erstes Motorrad verkaufte. In den 60er-Jahren wurde sein Gesch\u00e4ft von seinen S\u00f6hnen Willy und Piet ausgebaut, die Piet van Dijk Motoren\/Motorpaleis Piet van Dijk gr\u00fcndeten. Nach erfolgreichen Jahren, besonders im Einzelhandel f\u00fcr Motorr\u00e4der, wurde die Firma von [&hellip;]\" \/>\n<meta property=\"og:url\" content=\"https:\/\/motorcycletrading.com\/de\/uber-uns\/\" \/>\n<meta property=\"og:site_name\" content=\"VDM\" \/>\n<meta property=\"article:publisher\" content=\"https:\/\/www.facebook.com\/motorcycletrading\" \/>\n<meta property=\"article:modified_time\" content=\"2024-01-18T09:32:18+00:00\" \/>\n<meta name=\"twitter:card\" content=\"summary_large_image\" \/>\n<meta name=\"twitter:label1\" content=\"Gesch\u00e4tzte Lesezeit\" \/>\n\t<meta name=\"twitter:data1\" content=\"1\u00a0Minute\" \/>\n<script type=\"application\/ld+json\" class=\"yoast-schema-graph\">{\"@context\":\"https:\/\/schema.org\",\"@graph\":[{\"@type\":\"WebPage\",\"@id\":\"https:\/\/motorcycletrading.com\/de\/uber-uns\/\",\"url\":\"https:\/\/motorcycletrading.com\/de\/uber-uns\/\",\"name\":\"\u00dcber uns - VDM\",\"isPartOf\":{\"@id\":\"https:\/\/motorcycletrading.com\/#website\"},\"datePublished\":\"2014-12-03T10:28:57+00:00\",\"dateModified\":\"2024-01-18T09:32:18+00:00\",\"breadcrumb\":{\"@id\":\"https:\/\/motorcycletrading.com\/de\/uber-uns\/#breadcrumb\"},\"inLanguage\":\"de\",\"potentialAction\":[{\"@type\":\"ReadAction\",\"target\":[\"https:\/\/motorcycletrading.com\/de\/uber-uns\/\"]}]},{\"@type\":\"BreadcrumbList\",\"@id\":\"https:\/\/motorcycletrading.com\/de\/uber-uns\/#breadcrumb\",\"itemListElement\":[{\"@type\":\"ListItem\",\"position\":1,\"name\":\"Home\",\"item\":\"https:\/\/motorcycletrading.com\/de\/\"},{\"@type\":\"ListItem\",\"position\":2,\"name\":\"\u00dcber uns\"}]},{\"@type\":\"WebSite\",\"@id\":\"https:\/\/motorcycletrading.com\/#website\",\"url\":\"https:\/\/motorcycletrading.com\/\",\"name\":\"VDM\",\"description\":\"Import Export Worldwide\",\"potentialAction\":[{\"@type\":\"SearchAction\",\"target\":{\"@type\":\"EntryPoint\",\"urlTemplate\":\"https:\/\/motorcycletrading.com\/?s={search_term_string}\"},\"query-input\":{\"@type\":\"PropertyValueSpecification\",\"valueRequired\":true,\"valueName\":\"search_term_string\"}}],\"inLanguage\":\"de\"}]}<\/script>\n<!-- \/ Yoast SEO plugin. -->","yoast_head_json":{"title":"\u00dcber uns - VDM","robots":{"index":"index","follow":"follow","max-snippet":"max-snippet:-1","max-image-preview":"max-image-preview:large","max-video-preview":"max-video-preview:-1"},"canonical":"https:\/\/motorcycletrading.com\/de\/uber-uns\/","og_locale":"de_DE","og_type":"article","og_title":"\u00dcber uns - VDM","og_description":"VDM GmbH Die langj\u00e4hrige Erfahrung in der Motorradbranche geht inss Jahr 1954 zur\u00fcck, als Piet van Dijk sein erstes Motorrad verkaufte. In den 60er-Jahren wurde sein Gesch\u00e4ft von seinen S\u00f6hnen Willy und Piet ausgebaut, die Piet van Dijk Motoren\/Motorpaleis Piet van Dijk gr\u00fcndeten. Nach erfolgreichen Jahren, besonders im Einzelhandel f\u00fcr Motorr\u00e4der, wurde die Firma von [&hellip;]","og_url":"https:\/\/motorcycletrading.com\/de\/uber-uns\/","og_site_name":"VDM","article_publisher":"https:\/\/www.facebook.com\/motorcycletrading","article_modified_time":"2024-01-18T09:32:18+00:00","twitter_card":"summary_large_image","twitter_misc":{"Gesch\u00e4tzte Lesezeit":"1\u00a0Minute"},"schema":{"@context":"https:\/\/schema.org","@graph":[{"@type":"WebPage","@id":"https:\/\/motorcycletrading.com\/de\/uber-uns\/","url":"https:\/\/motorcycletrading.com\/de\/uber-uns\/","name":"\u00dcber uns - VDM","isPartOf":{"@id":"https:\/\/motorcycletrading.com\/#website"},"datePublished":"2014-12-03T10:28:57+00:00","dateModified":"2024-01-18T09:32:18+00:00","breadcrumb":{"@id":"https:\/\/motorcycletrading.com\/de\/uber-uns\/#breadcrumb"},"inLanguage":"de","potentialAction":[{"@type":"ReadAction","target":["https:\/\/motorcycletrading.com\/de\/uber-uns\/"]}]},{"@type":"BreadcrumbList","@id":"https:\/\/motorcycletrading.com\/de\/uber-uns\/#breadcrumb","itemListElement":[{"@type":"ListItem","position":1,"name":"Home","item":"https:\/\/motorcycletrading.com\/de\/"},{"@type":"ListItem","position":2,"name":"\u00dcber uns"}]},{"@type":"WebSite","@id":"https:\/\/motorcycletrading.com\/#website","url":"https:\/\/motorcycletrading.com\/","name":"VDM","description":"Import Export Worldwide","potentialAction":[{"@type":"SearchAction","target":{"@type":"EntryPoint","urlTemplate":"https:\/\/motorcycletrading.com\/?s={search_term_string}"},"query-input":{"@type":"PropertyValueSpecification","valueRequired":true,"valueName":"search_term_string"}}],"inLanguage":"de"}]}},"_links":{"self":[{"href":"https:\/\/motorcycletrading.com\/de\/wp-json\/wp\/v2\/pages\/314","targetHints":{"allow":["GET"]}}],"collection":[{"href":"https:\/\/motorcycletrading.com\/de\/wp-json\/wp\/v2\/pages"}],"about":[{"href":"https:\/\/motorcycletrading.com\/de\/wp-json\/wp\/v2\/types\/page"}],"author":[{"embeddable":true,"href":"https:\/\/motorcycletrading.com\/de\/wp-json\/wp\/v2\/users\/3"}],"replies":[{"embeddable":true,"href":"https:\/\/motorcycletrading.com\/de\/wp-json\/wp\/v2\/comments?post=314"}],"version-history":[{"count":3,"href":"https:\/\/motorcycletrading.com\/de\/wp-json\/wp\/v2\/pages\/314\/revisions"}],"predecessor-version":[{"id":521,"href":"https:\/\/motorcycletrading.com\/de\/wp-json\/wp\/v2\/pages\/314\/revisions\/521"}],"wp:attachment":[{"href":"https:\/\/motorcycletrading.com\/de\/wp-json\/wp\/v2\/media?parent=314"}],"curies":[{"name":"wp","href":"https:\/\/api.w.org\/{rel}","templated":true}]}}