{"id":340,"date":"2015-04-19T08:29:43","date_gmt":"2015-04-19T08:29:43","guid":{"rendered":"http:\/\/motorcycletrading.com\/inkoop-2\/"},"modified":"2015-08-06T08:39:31","modified_gmt":"2015-08-06T08:39:31","slug":"ankauf","status":"publish","type":"page","link":"https:\/\/motorcycletrading.com\/de\/ankauf\/","title":{"rendered":"Ankauf"},"content":{"rendered":"<h3>Ankauf<\/h3>\n<p>Die VDM Motorcycletrading GmbH ist stets daran interessiert, Lagerbest\u00e4nde an Motorr\u00e4dern, Gel\u00e4ndefahrzeugen, Quads, Au\u00dfenbordmotoren, usw. aufzukaufen.<\/p>\n<p>Hinterlassen Sie uns hier unten Ihre Kontaktdaten, und wir setzen uns schnellstm\u00f6glich mit Ihnen in Verbindung.<\/p>\n<p>Selbstverst\u00e4ndlich werden alle Informationen diskret behandelt.<\/p>\n<p class=\"p1\"><span class=\"s1\">F\u00fcr weiter gehende Informationen k\u00f6nnen Sie <a href=\"https:\/\/motorcycletrading.com\/de\/contact\/\">kontakt<\/a> uns aufnehmen. <\/span><\/p>\n","protected":false},"excerpt":{"rendered":"<p>Ankauf Die VDM Motorcycletrading GmbH ist stets daran interessiert, Lagerbest\u00e4nde an Motorr\u00e4dern, Gel\u00e4ndefahrzeugen, Quads, Au\u00dfenbordmotoren, usw. aufzukaufen. Hinterlassen Sie uns hier unten Ihre Kontaktdaten, und wir setzen uns schnellstm\u00f6glich mit Ihnen in Verbindung. Selbstverst\u00e4ndlich werden alle Informationen diskret behandelt. F\u00fcr weiter gehende Informationen k\u00f6nnen Sie kontakt uns aufnehmen.<\/p>\n","protected":false},"author":3,"featured_media":0,"parent":0,"menu_order":0,"comment_status":"closed","ping_status":"closed","template":"page-import.php","meta":{"_monsterinsights_skip_tracking":false,"_monsterinsights_sitenote_active":false,"_monsterinsights_sitenote_note":"","_monsterinsights_sitenote_category":0,"_genesis_hide_title":false,"_genesis_hide_breadcrumbs":false,"_genesis_hide_singular_image":false,"_genesis_hide_footer_widgets":false,"_genesis_custom_body_class":"","_genesis_custom_post_class":"","_genesis_layout":"","footnotes":""},"class_list":{"0":"post-340","1":"page","2":"type-page","3":"status-publish","5":"entry"},"yoast_head":"<!-- This site is optimized with the Yoast SEO plugin v27.0 - https:\/\/yoast.com\/product\/yoast-seo-wordpress\/ -->\n<title>Ankauf - VDM<\/title>\n<meta name=\"robots\" content=\"index, follow, max-snippet:-1, max-image-preview:large, max-video-preview:-1\" \/>\n<link rel=\"canonical\" href=\"https:\/\/motorcycletrading.com\/import\/\" \/>\n<meta property=\"og:locale\" content=\"de_DE\" \/>\n<meta property=\"og:type\" content=\"article\" \/>\n<meta property=\"og:title\" content=\"Ankauf - VDM\" \/>\n<meta property=\"og:description\" content=\"Ankauf Die VDM Motorcycletrading GmbH ist stets daran interessiert, Lagerbest\u00e4nde an Motorr\u00e4dern, Gel\u00e4ndefahrzeugen, Quads, Au\u00dfenbordmotoren, usw. aufzukaufen. Hinterlassen Sie uns hier unten Ihre Kontaktdaten, und wir setzen uns schnellstm\u00f6glich mit Ihnen in Verbindung. Selbstverst\u00e4ndlich werden alle Informationen diskret behandelt. F\u00fcr weiter gehende Informationen k\u00f6nnen Sie kontakt uns aufnehmen.\" \/>\n<meta property=\"og:url\" content=\"https:\/\/motorcycletrading.com\/import\/\" \/>\n<meta property=\"og:site_name\" content=\"VDM\" \/>\n<meta property=\"article:publisher\" content=\"https:\/\/www.facebook.com\/motorcycletrading\" \/>\n<meta property=\"article:modified_time\" content=\"2015-08-06T08:39:31+00:00\" \/>\n<meta name=\"twitter:card\" content=\"summary_large_image\" \/>\n<script type=\"application\/ld+json\" class=\"yoast-schema-graph\">{\"@context\":\"https:\/\/schema.org\",\"@graph\":[{\"@type\":\"WebPage\",\"@id\":\"https:\/\/motorcycletrading.com\/import\/\",\"url\":\"https:\/\/motorcycletrading.com\/import\/\",\"name\":\"Ankauf - VDM\",\"isPartOf\":{\"@id\":\"https:\/\/motorcycletrading.com\/#website\"},\"datePublished\":\"2015-04-19T08:29:43+00:00\",\"dateModified\":\"2015-08-06T08:39:31+00:00\",\"breadcrumb\":{\"@id\":\"https:\/\/motorcycletrading.com\/import\/#breadcrumb\"},\"inLanguage\":\"de\",\"potentialAction\":[{\"@type\":\"ReadAction\",\"target\":[\"https:\/\/motorcycletrading.com\/import\/\"]}]},{\"@type\":\"BreadcrumbList\",\"@id\":\"https:\/\/motorcycletrading.com\/import\/#breadcrumb\",\"itemListElement\":[{\"@type\":\"ListItem\",\"position\":1,\"name\":\"Home\",\"item\":\"https:\/\/motorcycletrading.com\/de\/\"},{\"@type\":\"ListItem\",\"position\":2,\"name\":\"Ankauf\"}]},{\"@type\":\"WebSite\",\"@id\":\"https:\/\/motorcycletrading.com\/#website\",\"url\":\"https:\/\/motorcycletrading.com\/\",\"name\":\"VDM\",\"description\":\"Import Export Worldwide\",\"potentialAction\":[{\"@type\":\"SearchAction\",\"target\":{\"@type\":\"EntryPoint\",\"urlTemplate\":\"https:\/\/motorcycletrading.com\/?s={search_term_string}\"},\"query-input\":{\"@type\":\"PropertyValueSpecification\",\"valueRequired\":true,\"valueName\":\"search_term_string\"}}],\"inLanguage\":\"de\"}]}<\/script>\n<!-- \/ Yoast SEO plugin. -->","yoast_head_json":{"title":"Ankauf - VDM","robots":{"index":"index","follow":"follow","max-snippet":"max-snippet:-1","max-image-preview":"max-image-preview:large","max-video-preview":"max-video-preview:-1"},"canonical":"https:\/\/motorcycletrading.com\/import\/","og_locale":"de_DE","og_type":"article","og_title":"Ankauf - VDM","og_description":"Ankauf Die VDM Motorcycletrading GmbH ist stets daran interessiert, Lagerbest\u00e4nde an Motorr\u00e4dern, Gel\u00e4ndefahrzeugen, Quads, Au\u00dfenbordmotoren, usw. aufzukaufen. Hinterlassen Sie uns hier unten Ihre Kontaktdaten, und wir setzen uns schnellstm\u00f6glich mit Ihnen in Verbindung. Selbstverst\u00e4ndlich werden alle Informationen diskret behandelt. F\u00fcr weiter gehende Informationen k\u00f6nnen Sie kontakt uns aufnehmen.","og_url":"https:\/\/motorcycletrading.com\/import\/","og_site_name":"VDM","article_publisher":"https:\/\/www.facebook.com\/motorcycletrading","article_modified_time":"2015-08-06T08:39:31+00:00","twitter_card":"summary_large_image","schema":{"@context":"https:\/\/schema.org","@graph":[{"@type":"WebPage","@id":"https:\/\/motorcycletrading.com\/import\/","url":"https:\/\/motorcycletrading.com\/import\/","name":"Ankauf - VDM","isPartOf":{"@id":"https:\/\/motorcycletrading.com\/#website"},"datePublished":"2015-04-19T08:29:43+00:00","dateModified":"2015-08-06T08:39:31+00:00","breadcrumb":{"@id":"https:\/\/motorcycletrading.com\/import\/#breadcrumb"},"inLanguage":"de","potentialAction":[{"@type":"ReadAction","target":["https:\/\/motorcycletrading.com\/import\/"]}]},{"@type":"BreadcrumbList","@id":"https:\/\/motorcycletrading.com\/import\/#breadcrumb","itemListElement":[{"@type":"ListItem","position":1,"name":"Home","item":"https:\/\/motorcycletrading.com\/de\/"},{"@type":"ListItem","position":2,"name":"Ankauf"}]},{"@type":"WebSite","@id":"https:\/\/motorcycletrading.com\/#website","url":"https:\/\/motorcycletrading.com\/","name":"VDM","description":"Import Export Worldwide","potentialAction":[{"@type":"SearchAction","target":{"@type":"EntryPoint","urlTemplate":"https:\/\/motorcycletrading.com\/?s={search_term_string}"},"query-input":{"@type":"PropertyValueSpecification","valueRequired":true,"valueName":"search_term_string"}}],"inLanguage":"de"}]}},"_links":{"self":[{"href":"https:\/\/motorcycletrading.com\/de\/wp-json\/wp\/v2\/pages\/340","targetHints":{"allow":["GET"]}}],"collection":[{"href":"https:\/\/motorcycletrading.com\/de\/wp-json\/wp\/v2\/pages"}],"about":[{"href":"https:\/\/motorcycletrading.com\/de\/wp-json\/wp\/v2\/types\/page"}],"author":[{"embeddable":true,"href":"https:\/\/motorcycletrading.com\/de\/wp-json\/wp\/v2\/users\/3"}],"replies":[{"embeddable":true,"href":"https:\/\/motorcycletrading.com\/de\/wp-json\/wp\/v2\/comments?post=340"}],"version-history":[{"count":3,"href":"https:\/\/motorcycletrading.com\/de\/wp-json\/wp\/v2\/pages\/340\/revisions"}],"predecessor-version":[{"id":615,"href":"https:\/\/motorcycletrading.com\/de\/wp-json\/wp\/v2\/pages\/340\/revisions\/615"}],"wp:attachment":[{"href":"https:\/\/motorcycletrading.com\/de\/wp-json\/wp\/v2\/media?parent=340"}],"curies":[{"name":"wp","href":"https:\/\/api.w.org\/{rel}","templated":true}]}}