{"id":17,"date":"2015-02-19T17:10:55","date_gmt":"2015-02-19T17:10:55","guid":{"rendered":"http:\/\/motorcycletrading.com\/?page_id=17"},"modified":"2015-08-31T12:48:49","modified_gmt":"2015-08-31T12:48:49","slug":"welkom","status":"publish","type":"page","link":"https:\/\/motorcycletrading.com\/es\/","title":{"rendered":"VDM, importaci\u00f3n y exportaci\u00f3n de motocicletas, quads, otros veh\u00edculos todoterreno y motores fuera borda"},"content":{"rendered":"<p class=\"p1\">VDM Motorcycletrading GmbH es su proveedor de motocicletas nuevas y de otros art\u00edculos relacionados. Importamos y exportamos motos de carretera, motos de cross, scooters, quads, otros veh\u00edculos todoterreno, motores fuera borda, motos acu\u00e1ticas, bicicletas side by side, lanchas hinchables, motos de nieve, carritos de golf y generadores el\u00e9ctricos de las conocidas marcas Aprilia, BMW, Ducati, Honda, Kawasaki , Moto Guzzi, Piaggio, Suzuki, Yamaha, etc.<\/p>\n<h3>Gran variedad de motocicletas<\/h3>\n<p>Gracias a la experiencia que ha adquirido en el sector del motor a lo largo de los a\u00f1os, VDM GMBH ha creado una amplia red internacional que explica por qu\u00e9 nuestro surtido de motocicletas, quads, otros veh\u00edculos todoterreno, motores fuera borda, etc. es tan amplio que casi siempre podemos satisfacer su demanda. Estamos orientados exclusivamente al sector B2B (negocio a negocio).<\/p>\n","protected":false},"excerpt":{"rendered":"<p>VDM Motorcycletrading GmbH es su proveedor de motocicletas nuevas y de otros art\u00edculos relacionados. Importamos y exportamos motos de carretera, motos de cross, scooters, quads, otros veh\u00edculos todoterreno, motores fuera borda, motos acu\u00e1ticas, bicicletas side by side, lanchas hinchables, motos de nieve, carritos de golf y generadores el\u00e9ctricos de las conocidas marcas Aprilia, BMW, Ducati, [&hellip;]<\/p>\n","protected":false},"author":3,"featured_media":0,"parent":0,"menu_order":0,"comment_status":"closed","ping_status":"closed","template":"page-home.php","meta":{"_monsterinsights_skip_tracking":false,"_monsterinsights_sitenote_active":false,"_monsterinsights_sitenote_note":"","_monsterinsights_sitenote_category":0,"_genesis_hide_title":false,"_genesis_hide_breadcrumbs":false,"_genesis_hide_singular_image":false,"_genesis_hide_footer_widgets":false,"_genesis_custom_body_class":"","_genesis_custom_post_class":"","_genesis_layout":"","footnotes":""},"class_list":{"0":"post-17","1":"page","2":"type-page","3":"status-publish","5":"entry","6":"has-post-thumbnail"},"yoast_head":"<!-- This site is optimized with the Yoast SEO plugin v27.0 - https:\/\/yoast.com\/product\/yoast-seo-wordpress\/ -->\n<title>VDM, importaci\u00f3n y exportaci\u00f3n de motocicletas, quads, otros veh\u00edculos todoterreno y motores fuera borda - VDM<\/title>\n<meta name=\"robots\" content=\"index, follow, max-snippet:-1, max-image-preview:large, max-video-preview:-1\" \/>\n<link rel=\"canonical\" href=\"https:\/\/motorcycletrading.com\/es\/\" \/>\n<meta property=\"og:locale\" content=\"es_ES\" \/>\n<meta property=\"og:type\" content=\"article\" \/>\n<meta property=\"og:title\" content=\"VDM, importaci\u00f3n y exportaci\u00f3n de motocicletas, quads, otros veh\u00edculos todoterreno y motores fuera borda - VDM\" \/>\n<meta property=\"og:description\" content=\"VDM Motorcycletrading GmbH es su proveedor de motocicletas nuevas y de otros art\u00edculos relacionados. Importamos y exportamos motos de carretera, motos de cross, scooters, quads, otros veh\u00edculos todoterreno, motores fuera borda, motos acu\u00e1ticas, bicicletas side by side, lanchas hinchables, motos de nieve, carritos de golf y generadores el\u00e9ctricos de las conocidas marcas Aprilia, BMW, Ducati, [&hellip;]\" \/>\n<meta property=\"og:url\" content=\"https:\/\/motorcycletrading.com\/es\/\" \/>\n<meta property=\"og:site_name\" content=\"VDM\" \/>\n<meta property=\"article:publisher\" content=\"https:\/\/www.facebook.com\/motorcycletrading\" \/>\n<meta property=\"article:modified_time\" content=\"2015-08-31T12:48:49+00:00\" \/>\n<meta name=\"twitter:card\" content=\"summary_large_image\" \/>\n<meta name=\"twitter:label1\" content=\"Tiempo de lectura\" \/>\n\t<meta name=\"twitter:data1\" content=\"1 minuto\" \/>\n<script type=\"application\/ld+json\" class=\"yoast-schema-graph\">{\"@context\":\"https:\/\/schema.org\",\"@graph\":[{\"@type\":\"WebPage\",\"@id\":\"https:\/\/motorcycletrading.com\/es\/\",\"url\":\"https:\/\/motorcycletrading.com\/es\/\",\"name\":\"VDM, importaci\u00f3n y exportaci\u00f3n de motocicletas, quads, otros veh\u00edculos todoterreno y motores fuera borda - VDM\",\"isPartOf\":{\"@id\":\"https:\/\/motorcycletrading.com\/#website\"},\"datePublished\":\"2015-02-19T17:10:55+00:00\",\"dateModified\":\"2015-08-31T12:48:49+00:00\",\"breadcrumb\":{\"@id\":\"https:\/\/motorcycletrading.com\/es\/#breadcrumb\"},\"inLanguage\":\"es\",\"potentialAction\":[{\"@type\":\"ReadAction\",\"target\":[\"https:\/\/motorcycletrading.com\/es\/\"]}]},{\"@type\":\"BreadcrumbList\",\"@id\":\"https:\/\/motorcycletrading.com\/es\/#breadcrumb\",\"itemListElement\":[{\"@type\":\"ListItem\",\"position\":1,\"name\":\"Home\",\"item\":\"https:\/\/motorcycletrading.com\/es\/\"},{\"@type\":\"ListItem\",\"position\":2,\"name\":\"VDM, importaci\u00f3n y exportaci\u00f3n de motocicletas, quads, otros veh\u00edculos todoterreno y motores fuera borda\"}]},{\"@type\":\"WebSite\",\"@id\":\"https:\/\/motorcycletrading.com\/#website\",\"url\":\"https:\/\/motorcycletrading.com\/\",\"name\":\"VDM\",\"description\":\"Import Export Worldwide\",\"potentialAction\":[{\"@type\":\"SearchAction\",\"target\":{\"@type\":\"EntryPoint\",\"urlTemplate\":\"https:\/\/motorcycletrading.com\/?s={search_term_string}\"},\"query-input\":{\"@type\":\"PropertyValueSpecification\",\"valueRequired\":true,\"valueName\":\"search_term_string\"}}],\"inLanguage\":\"es\"}]}<\/script>\n<!-- \/ Yoast SEO plugin. -->","yoast_head_json":{"title":"VDM, importaci\u00f3n y exportaci\u00f3n de motocicletas, quads, otros veh\u00edculos todoterreno y motores fuera borda - VDM","robots":{"index":"index","follow":"follow","max-snippet":"max-snippet:-1","max-image-preview":"max-image-preview:large","max-video-preview":"max-video-preview:-1"},"canonical":"https:\/\/motorcycletrading.com\/es\/","og_locale":"es_ES","og_type":"article","og_title":"VDM, importaci\u00f3n y exportaci\u00f3n de motocicletas, quads, otros veh\u00edculos todoterreno y motores fuera borda - VDM","og_description":"VDM Motorcycletrading GmbH es su proveedor de motocicletas nuevas y de otros art\u00edculos relacionados. Importamos y exportamos motos de carretera, motos de cross, scooters, quads, otros veh\u00edculos todoterreno, motores fuera borda, motos acu\u00e1ticas, bicicletas side by side, lanchas hinchables, motos de nieve, carritos de golf y generadores el\u00e9ctricos de las conocidas marcas Aprilia, BMW, Ducati, [&hellip;]","og_url":"https:\/\/motorcycletrading.com\/es\/","og_site_name":"VDM","article_publisher":"https:\/\/www.facebook.com\/motorcycletrading","article_modified_time":"2015-08-31T12:48:49+00:00","twitter_card":"summary_large_image","twitter_misc":{"Tiempo de lectura":"1 minuto"},"schema":{"@context":"https:\/\/schema.org","@graph":[{"@type":"WebPage","@id":"https:\/\/motorcycletrading.com\/es\/","url":"https:\/\/motorcycletrading.com\/es\/","name":"VDM, importaci\u00f3n y exportaci\u00f3n de motocicletas, quads, otros veh\u00edculos todoterreno y motores fuera borda - VDM","isPartOf":{"@id":"https:\/\/motorcycletrading.com\/#website"},"datePublished":"2015-02-19T17:10:55+00:00","dateModified":"2015-08-31T12:48:49+00:00","breadcrumb":{"@id":"https:\/\/motorcycletrading.com\/es\/#breadcrumb"},"inLanguage":"es","potentialAction":[{"@type":"ReadAction","target":["https:\/\/motorcycletrading.com\/es\/"]}]},{"@type":"BreadcrumbList","@id":"https:\/\/motorcycletrading.com\/es\/#breadcrumb","itemListElement":[{"@type":"ListItem","position":1,"name":"Home","item":"https:\/\/motorcycletrading.com\/es\/"},{"@type":"ListItem","position":2,"name":"VDM, importaci\u00f3n y exportaci\u00f3n de motocicletas, quads, otros veh\u00edculos todoterreno y motores fuera borda"}]},{"@type":"WebSite","@id":"https:\/\/motorcycletrading.com\/#website","url":"https:\/\/motorcycletrading.com\/","name":"VDM","description":"Import Export Worldwide","potentialAction":[{"@type":"SearchAction","target":{"@type":"EntryPoint","urlTemplate":"https:\/\/motorcycletrading.com\/?s={search_term_string}"},"query-input":{"@type":"PropertyValueSpecification","valueRequired":true,"valueName":"search_term_string"}}],"inLanguage":"es"}]}},"_links":{"self":[{"href":"https:\/\/motorcycletrading.com\/es\/wp-json\/wp\/v2\/pages\/17","targetHints":{"allow":["GET"]}}],"collection":[{"href":"https:\/\/motorcycletrading.com\/es\/wp-json\/wp\/v2\/pages"}],"about":[{"href":"https:\/\/motorcycletrading.com\/es\/wp-json\/wp\/v2\/types\/page"}],"author":[{"embeddable":true,"href":"https:\/\/motorcycletrading.com\/es\/wp-json\/wp\/v2\/users\/3"}],"replies":[{"embeddable":true,"href":"https:\/\/motorcycletrading.com\/es\/wp-json\/wp\/v2\/comments?post=17"}],"version-history":[{"count":3,"href":"https:\/\/motorcycletrading.com\/es\/wp-json\/wp\/v2\/pages\/17\/revisions"}],"predecessor-version":[{"id":556,"href":"https:\/\/motorcycletrading.com\/es\/wp-json\/wp\/v2\/pages\/17\/revisions\/556"}],"wp:attachment":[{"href":"https:\/\/motorcycletrading.com\/es\/wp-json\/wp\/v2\/media?parent=17"}],"curies":[{"name":"wp","href":"https:\/\/api.w.org\/{rel}","templated":true}]}}