{"id":316,"date":"2014-12-03T10:28:57","date_gmt":"2014-12-03T10:28:57","guid":{"rendered":"http:\/\/motorcycletrading.com\/over-ons-2\/"},"modified":"2024-01-18T09:32:39","modified_gmt":"2024-01-18T09:32:39","slug":"acerca-de-nosotros","status":"publish","type":"page","link":"https:\/\/motorcycletrading.com\/es\/acerca-de-nosotros\/","title":{"rendered":"Acerca de nosotros"},"content":{"rendered":"<h2>VDM GmbH<\/h2>\n<p>Nuestra amplia experiencia en el sector del motor se remonta a 1954, cuando Piet van Dijk vendi\u00f3 su primera motocicleta. Sus hijos Willy y Piet van Dijk ampliaron su negocio en la d\u00e9cada de los sesenta, cuando fundaron Piet van Dijk Motoren\/Motorpaleis Piet van Dijk. Despu\u00e9s de varios a\u00f1os de exitoso trabajo, principalmente en el mercado particular para motocicletas, la empresa fue adquirida por una cadena nacional de tiendas de motocicletas. En el a\u00f1o 2000, Ingo van Dijk (hijo de Willy van Dijk ) puso en marcha VDM GmbH como empresa B2B. Esta vez, enfocada exclusivamente a la importaci\u00f3n y exportaci\u00f3n de motocicletas nuevas, motos de carretera, motos de cross, otros veh\u00edculos todoterreno, quads, scooters, motores fuera borda y otros art\u00edculos relacionados.<\/p>\n<p>VDM GmbH conoce el comercio internacional del motor como ninguna otra empresa. A lo largo del tiempo ha ido acumulando muchos contactos internacionales y esta red se sigue ampliando. En el negocio B2B de motocicletas y art\u00edculos relacionados, la profesionalidad, la fiabilidad y los conocimientos especializados son indispensables. Nuestros servicios se caracterizan por la flexibilidad y la m\u00e1xima discreci\u00f3n. VDM GmbH lleva el producto adecuado en el momento perfecto hasta el lugar correcto.<\/p>\n<p>VDM GmbH dispone de un gran almac\u00e9n central de 6.000 m2 en Gronau (Alemania), justo en la frontera de los Pa\u00edses Bajos, para poder servir de una manera eficiente al mercado minorista europeo e internacional.<\/p>\n","protected":false},"excerpt":{"rendered":"<p>VDM GmbH Nuestra amplia experiencia en el sector del motor se remonta a 1954, cuando Piet van Dijk vendi\u00f3 su primera motocicleta. Sus hijos Willy y Piet van Dijk ampliaron su negocio en la d\u00e9cada de los sesenta, cuando fundaron Piet van Dijk Motoren\/Motorpaleis Piet van Dijk. Despu\u00e9s de varios a\u00f1os de exitoso trabajo, principalmente [&hellip;]<\/p>\n","protected":false},"author":3,"featured_media":0,"parent":0,"menu_order":0,"comment_status":"closed","ping_status":"closed","template":"page-about.php","meta":{"_monsterinsights_skip_tracking":false,"_monsterinsights_sitenote_active":false,"_monsterinsights_sitenote_note":"","_monsterinsights_sitenote_category":0,"_genesis_hide_title":false,"_genesis_hide_breadcrumbs":false,"_genesis_hide_singular_image":false,"_genesis_hide_footer_widgets":false,"_genesis_custom_body_class":"","_genesis_custom_post_class":"","_genesis_layout":"","footnotes":""},"class_list":{"0":"post-316","1":"page","2":"type-page","3":"status-publish","5":"entry","6":"has-post-thumbnail"},"yoast_head":"<!-- This site is optimized with the Yoast SEO plugin v27.0 - https:\/\/yoast.com\/product\/yoast-seo-wordpress\/ -->\n<title>Acerca de nosotros - VDM<\/title>\n<meta name=\"robots\" content=\"index, follow, max-snippet:-1, max-image-preview:large, max-video-preview:-1\" \/>\n<link rel=\"canonical\" href=\"https:\/\/motorcycletrading.com\/es\/acerca-de-nosotros\/\" \/>\n<meta property=\"og:locale\" content=\"es_ES\" \/>\n<meta property=\"og:type\" content=\"article\" \/>\n<meta property=\"og:title\" content=\"Acerca de nosotros - VDM\" \/>\n<meta property=\"og:description\" content=\"VDM GmbH Nuestra amplia experiencia en el sector del motor se remonta a 1954, cuando Piet van Dijk vendi\u00f3 su primera motocicleta. Sus hijos Willy y Piet van Dijk ampliaron su negocio en la d\u00e9cada de los sesenta, cuando fundaron Piet van Dijk Motoren\/Motorpaleis Piet van Dijk. Despu\u00e9s de varios a\u00f1os de exitoso trabajo, principalmente [&hellip;]\" \/>\n<meta property=\"og:url\" content=\"https:\/\/motorcycletrading.com\/es\/acerca-de-nosotros\/\" \/>\n<meta property=\"og:site_name\" content=\"VDM\" \/>\n<meta property=\"article:publisher\" content=\"https:\/\/www.facebook.com\/motorcycletrading\" \/>\n<meta property=\"article:modified_time\" content=\"2024-01-18T09:32:39+00:00\" \/>\n<meta name=\"twitter:card\" content=\"summary_large_image\" \/>\n<script type=\"application\/ld+json\" class=\"yoast-schema-graph\">{\"@context\":\"https:\/\/schema.org\",\"@graph\":[{\"@type\":\"WebPage\",\"@id\":\"https:\/\/motorcycletrading.com\/es\/acerca-de-nosotros\/\",\"url\":\"https:\/\/motorcycletrading.com\/es\/acerca-de-nosotros\/\",\"name\":\"Acerca de nosotros - VDM\",\"isPartOf\":{\"@id\":\"https:\/\/motorcycletrading.com\/#website\"},\"datePublished\":\"2014-12-03T10:28:57+00:00\",\"dateModified\":\"2024-01-18T09:32:39+00:00\",\"breadcrumb\":{\"@id\":\"https:\/\/motorcycletrading.com\/es\/acerca-de-nosotros\/#breadcrumb\"},\"inLanguage\":\"es\",\"potentialAction\":[{\"@type\":\"ReadAction\",\"target\":[\"https:\/\/motorcycletrading.com\/es\/acerca-de-nosotros\/\"]}]},{\"@type\":\"BreadcrumbList\",\"@id\":\"https:\/\/motorcycletrading.com\/es\/acerca-de-nosotros\/#breadcrumb\",\"itemListElement\":[{\"@type\":\"ListItem\",\"position\":1,\"name\":\"Home\",\"item\":\"https:\/\/motorcycletrading.com\/es\/\"},{\"@type\":\"ListItem\",\"position\":2,\"name\":\"Acerca de nosotros\"}]},{\"@type\":\"WebSite\",\"@id\":\"https:\/\/motorcycletrading.com\/#website\",\"url\":\"https:\/\/motorcycletrading.com\/\",\"name\":\"VDM\",\"description\":\"Import Export Worldwide\",\"potentialAction\":[{\"@type\":\"SearchAction\",\"target\":{\"@type\":\"EntryPoint\",\"urlTemplate\":\"https:\/\/motorcycletrading.com\/?s={search_term_string}\"},\"query-input\":{\"@type\":\"PropertyValueSpecification\",\"valueRequired\":true,\"valueName\":\"search_term_string\"}}],\"inLanguage\":\"es\"}]}<\/script>\n<!-- \/ Yoast SEO plugin. -->","yoast_head_json":{"title":"Acerca de nosotros - VDM","robots":{"index":"index","follow":"follow","max-snippet":"max-snippet:-1","max-image-preview":"max-image-preview:large","max-video-preview":"max-video-preview:-1"},"canonical":"https:\/\/motorcycletrading.com\/es\/acerca-de-nosotros\/","og_locale":"es_ES","og_type":"article","og_title":"Acerca de nosotros - VDM","og_description":"VDM GmbH Nuestra amplia experiencia en el sector del motor se remonta a 1954, cuando Piet van Dijk vendi\u00f3 su primera motocicleta. Sus hijos Willy y Piet van Dijk ampliaron su negocio en la d\u00e9cada de los sesenta, cuando fundaron Piet van Dijk Motoren\/Motorpaleis Piet van Dijk. Despu\u00e9s de varios a\u00f1os de exitoso trabajo, principalmente [&hellip;]","og_url":"https:\/\/motorcycletrading.com\/es\/acerca-de-nosotros\/","og_site_name":"VDM","article_publisher":"https:\/\/www.facebook.com\/motorcycletrading","article_modified_time":"2024-01-18T09:32:39+00:00","twitter_card":"summary_large_image","schema":{"@context":"https:\/\/schema.org","@graph":[{"@type":"WebPage","@id":"https:\/\/motorcycletrading.com\/es\/acerca-de-nosotros\/","url":"https:\/\/motorcycletrading.com\/es\/acerca-de-nosotros\/","name":"Acerca de nosotros - VDM","isPartOf":{"@id":"https:\/\/motorcycletrading.com\/#website"},"datePublished":"2014-12-03T10:28:57+00:00","dateModified":"2024-01-18T09:32:39+00:00","breadcrumb":{"@id":"https:\/\/motorcycletrading.com\/es\/acerca-de-nosotros\/#breadcrumb"},"inLanguage":"es","potentialAction":[{"@type":"ReadAction","target":["https:\/\/motorcycletrading.com\/es\/acerca-de-nosotros\/"]}]},{"@type":"BreadcrumbList","@id":"https:\/\/motorcycletrading.com\/es\/acerca-de-nosotros\/#breadcrumb","itemListElement":[{"@type":"ListItem","position":1,"name":"Home","item":"https:\/\/motorcycletrading.com\/es\/"},{"@type":"ListItem","position":2,"name":"Acerca de nosotros"}]},{"@type":"WebSite","@id":"https:\/\/motorcycletrading.com\/#website","url":"https:\/\/motorcycletrading.com\/","name":"VDM","description":"Import Export Worldwide","potentialAction":[{"@type":"SearchAction","target":{"@type":"EntryPoint","urlTemplate":"https:\/\/motorcycletrading.com\/?s={search_term_string}"},"query-input":{"@type":"PropertyValueSpecification","valueRequired":true,"valueName":"search_term_string"}}],"inLanguage":"es"}]}},"_links":{"self":[{"href":"https:\/\/motorcycletrading.com\/es\/wp-json\/wp\/v2\/pages\/316","targetHints":{"allow":["GET"]}}],"collection":[{"href":"https:\/\/motorcycletrading.com\/es\/wp-json\/wp\/v2\/pages"}],"about":[{"href":"https:\/\/motorcycletrading.com\/es\/wp-json\/wp\/v2\/types\/page"}],"author":[{"embeddable":true,"href":"https:\/\/motorcycletrading.com\/es\/wp-json\/wp\/v2\/users\/3"}],"replies":[{"embeddable":true,"href":"https:\/\/motorcycletrading.com\/es\/wp-json\/wp\/v2\/comments?post=316"}],"version-history":[{"count":3,"href":"https:\/\/motorcycletrading.com\/es\/wp-json\/wp\/v2\/pages\/316\/revisions"}],"predecessor-version":[{"id":558,"href":"https:\/\/motorcycletrading.com\/es\/wp-json\/wp\/v2\/pages\/316\/revisions\/558"}],"wp:attachment":[{"href":"https:\/\/motorcycletrading.com\/es\/wp-json\/wp\/v2\/media?parent=316"}],"curies":[{"name":"wp","href":"https:\/\/api.w.org\/{rel}","templated":true}]}}