{"id":498,"date":"2015-02-27T14:15:38","date_gmt":"2015-02-27T14:15:38","guid":{"rendered":"http:\/\/motorcycletrading.com\/diensten-en-logistiek-2\/"},"modified":"2015-08-31T12:11:37","modified_gmt":"2015-08-31T12:11:37","slug":"servicios","status":"publish","type":"page","link":"https:\/\/motorcycletrading.com\/es\/servicios\/","title":{"rendered":"Servicios"},"content":{"rendered":"<h2>Servicios y log\u00edsticas<\/h2>\n<p>Para poder servir a nuestros clientes en todo el mundo, ofrecemos diversos medios de transporte para motocicletas, motos ATV, quads, motores fueraborda u otros productos relacionados. Si lo desea, podemos encargarnos de todas las formalidades del transporte, inclusive la gesti\u00f3n de los documentos de exportaci\u00f3n. Pero naturalmente usted puede gestionar su propio transporte.<\/p>\n<h3>Transporte y documentaci\u00f3n<\/h3>\n<p>Ofrecemos diversas modalidades de transporte: por v\u00eda terrestre, marina (contenedor 20\/40ft) o a\u00e9rea. Nos encargamos de gestionar toda la documentaci\u00f3n necesaria, entre otros los documentos CMR y las formalidades aduaneras con los documentos T1 \u00f3 T2L.<\/p>\n<h3>EMBALAJE<\/h3>\n<p>Cada vez es m\u00e1s frecuente que las motocicletas nuevas vengan sin embalaje de f\u00e1brica. VDM Motorcycletrading GmbH ha desarrollado una serie de jaulas especiales apilables hasta en tres alturas, que permiten el transporte eficiente y sin da\u00f1os de los productos hasta su lugar de destino.<\/p>\n<h3>Transporte propio<\/h3>\n<p>Si usted opta por gestionar su propio transporte, nosotros cargamos las motocicletas, motos ATV, quads, motores fueraborda u otros productos relacionados en un cami\u00f3n o contenedor mar\u00edtimo sin gasto adicional alguno. Todos los precios ofertados son FOT (Franco Cami\u00f3n), salvo que se indique expl\u00edcitamente lo contrario.<\/p>\n<h3>Almac\u00e9n libre de impuestos<\/h3>\n<p>VDM Motorcycletrading GmbH dispone de un almac\u00e9n libre de impuestos. Esto significa que las mercanc\u00edas pueden venderse libres de derechos de importaci\u00f3n europeos dentro y fuera de Europa.<\/p>\n","protected":false},"excerpt":{"rendered":"<p>Para poder servir a nuestros clientes en todo el mundo, ofrecemos diversos medios de transporte para motocicletas, motos ATV, quads, motores fueraborda u otros productos relacionados. Si lo desea, podemos encargarnos de todas las formalidades del transporte, inclusive la gesti\u00f3n de los documentos de exportaci\u00f3n. Pero naturalmente usted puede gestionar su propio transporte.<\/p>\n","protected":false},"author":3,"featured_media":0,"parent":0,"menu_order":0,"comment_status":"closed","ping_status":"closed","template":"page-services.php","meta":{"_monsterinsights_skip_tracking":false,"_monsterinsights_sitenote_active":false,"_monsterinsights_sitenote_note":"","_monsterinsights_sitenote_category":0,"_genesis_hide_title":false,"_genesis_hide_breadcrumbs":false,"_genesis_hide_singular_image":false,"_genesis_hide_footer_widgets":false,"_genesis_custom_body_class":"","_genesis_custom_post_class":"","_genesis_layout":"","footnotes":""},"class_list":{"0":"post-498","1":"page","2":"type-page","3":"status-publish","5":"entry","6":"has-post-thumbnail"},"yoast_head":"<!-- This site is optimized with the Yoast SEO plugin v27.0 - https:\/\/yoast.com\/product\/yoast-seo-wordpress\/ -->\n<title>Servicios - VDM<\/title>\n<meta name=\"robots\" content=\"index, follow, max-snippet:-1, max-image-preview:large, max-video-preview:-1\" \/>\n<link rel=\"canonical\" href=\"https:\/\/motorcycletrading.com\/services\/\" \/>\n<meta property=\"og:locale\" content=\"es_ES\" \/>\n<meta property=\"og:type\" content=\"article\" \/>\n<meta property=\"og:title\" content=\"Servicios - VDM\" \/>\n<meta property=\"og:description\" content=\"Para poder servir a nuestros clientes en todo el mundo, ofrecemos diversos medios de transporte para motocicletas, motos ATV, quads, motores fueraborda u otros productos relacionados. Si lo desea, podemos encargarnos de todas las formalidades del transporte, inclusive la gesti\u00f3n de los documentos de exportaci\u00f3n. Pero naturalmente usted puede gestionar su propio transporte.\" \/>\n<meta property=\"og:url\" content=\"https:\/\/motorcycletrading.com\/services\/\" \/>\n<meta property=\"og:site_name\" content=\"VDM\" \/>\n<meta property=\"article:publisher\" content=\"https:\/\/www.facebook.com\/motorcycletrading\" \/>\n<meta property=\"article:modified_time\" content=\"2015-08-31T12:11:37+00:00\" \/>\n<meta name=\"twitter:card\" content=\"summary_large_image\" \/>\n<meta name=\"twitter:label1\" content=\"Tiempo de lectura\" \/>\n\t<meta name=\"twitter:data1\" content=\"1 minuto\" \/>\n<script type=\"application\/ld+json\" class=\"yoast-schema-graph\">{\"@context\":\"https:\/\/schema.org\",\"@graph\":[{\"@type\":\"WebPage\",\"@id\":\"https:\/\/motorcycletrading.com\/services\/\",\"url\":\"https:\/\/motorcycletrading.com\/services\/\",\"name\":\"Servicios - VDM\",\"isPartOf\":{\"@id\":\"https:\/\/motorcycletrading.com\/#website\"},\"datePublished\":\"2015-02-27T14:15:38+00:00\",\"dateModified\":\"2015-08-31T12:11:37+00:00\",\"breadcrumb\":{\"@id\":\"https:\/\/motorcycletrading.com\/services\/#breadcrumb\"},\"inLanguage\":\"es\",\"potentialAction\":[{\"@type\":\"ReadAction\",\"target\":[\"https:\/\/motorcycletrading.com\/services\/\"]}]},{\"@type\":\"BreadcrumbList\",\"@id\":\"https:\/\/motorcycletrading.com\/services\/#breadcrumb\",\"itemListElement\":[{\"@type\":\"ListItem\",\"position\":1,\"name\":\"Home\",\"item\":\"https:\/\/motorcycletrading.com\/es\/\"},{\"@type\":\"ListItem\",\"position\":2,\"name\":\"Servicios\"}]},{\"@type\":\"WebSite\",\"@id\":\"https:\/\/motorcycletrading.com\/#website\",\"url\":\"https:\/\/motorcycletrading.com\/\",\"name\":\"VDM\",\"description\":\"Import Export Worldwide\",\"potentialAction\":[{\"@type\":\"SearchAction\",\"target\":{\"@type\":\"EntryPoint\",\"urlTemplate\":\"https:\/\/motorcycletrading.com\/?s={search_term_string}\"},\"query-input\":{\"@type\":\"PropertyValueSpecification\",\"valueRequired\":true,\"valueName\":\"search_term_string\"}}],\"inLanguage\":\"es\"}]}<\/script>\n<!-- \/ Yoast SEO plugin. -->","yoast_head_json":{"title":"Servicios - VDM","robots":{"index":"index","follow":"follow","max-snippet":"max-snippet:-1","max-image-preview":"max-image-preview:large","max-video-preview":"max-video-preview:-1"},"canonical":"https:\/\/motorcycletrading.com\/services\/","og_locale":"es_ES","og_type":"article","og_title":"Servicios - VDM","og_description":"Para poder servir a nuestros clientes en todo el mundo, ofrecemos diversos medios de transporte para motocicletas, motos ATV, quads, motores fueraborda u otros productos relacionados. Si lo desea, podemos encargarnos de todas las formalidades del transporte, inclusive la gesti\u00f3n de los documentos de exportaci\u00f3n. Pero naturalmente usted puede gestionar su propio transporte.","og_url":"https:\/\/motorcycletrading.com\/services\/","og_site_name":"VDM","article_publisher":"https:\/\/www.facebook.com\/motorcycletrading","article_modified_time":"2015-08-31T12:11:37+00:00","twitter_card":"summary_large_image","twitter_misc":{"Tiempo de lectura":"1 minuto"},"schema":{"@context":"https:\/\/schema.org","@graph":[{"@type":"WebPage","@id":"https:\/\/motorcycletrading.com\/services\/","url":"https:\/\/motorcycletrading.com\/services\/","name":"Servicios - VDM","isPartOf":{"@id":"https:\/\/motorcycletrading.com\/#website"},"datePublished":"2015-02-27T14:15:38+00:00","dateModified":"2015-08-31T12:11:37+00:00","breadcrumb":{"@id":"https:\/\/motorcycletrading.com\/services\/#breadcrumb"},"inLanguage":"es","potentialAction":[{"@type":"ReadAction","target":["https:\/\/motorcycletrading.com\/services\/"]}]},{"@type":"BreadcrumbList","@id":"https:\/\/motorcycletrading.com\/services\/#breadcrumb","itemListElement":[{"@type":"ListItem","position":1,"name":"Home","item":"https:\/\/motorcycletrading.com\/es\/"},{"@type":"ListItem","position":2,"name":"Servicios"}]},{"@type":"WebSite","@id":"https:\/\/motorcycletrading.com\/#website","url":"https:\/\/motorcycletrading.com\/","name":"VDM","description":"Import Export Worldwide","potentialAction":[{"@type":"SearchAction","target":{"@type":"EntryPoint","urlTemplate":"https:\/\/motorcycletrading.com\/?s={search_term_string}"},"query-input":{"@type":"PropertyValueSpecification","valueRequired":true,"valueName":"search_term_string"}}],"inLanguage":"es"}]}},"_links":{"self":[{"href":"https:\/\/motorcycletrading.com\/es\/wp-json\/wp\/v2\/pages\/498","targetHints":{"allow":["GET"]}}],"collection":[{"href":"https:\/\/motorcycletrading.com\/es\/wp-json\/wp\/v2\/pages"}],"about":[{"href":"https:\/\/motorcycletrading.com\/es\/wp-json\/wp\/v2\/types\/page"}],"author":[{"embeddable":true,"href":"https:\/\/motorcycletrading.com\/es\/wp-json\/wp\/v2\/users\/3"}],"replies":[{"embeddable":true,"href":"https:\/\/motorcycletrading.com\/es\/wp-json\/wp\/v2\/comments?post=498"}],"version-history":[{"count":2,"href":"https:\/\/motorcycletrading.com\/es\/wp-json\/wp\/v2\/pages\/498\/revisions"}],"predecessor-version":[{"id":566,"href":"https:\/\/motorcycletrading.com\/es\/wp-json\/wp\/v2\/pages\/498\/revisions\/566"}],"wp:attachment":[{"href":"https:\/\/motorcycletrading.com\/es\/wp-json\/wp\/v2\/media?parent=498"}],"curies":[{"name":"wp","href":"https:\/\/api.w.org\/{rel}","templated":true}]}}