{"id":11,"date":"2015-02-19T18:28:30","date_gmt":"2015-02-19T18:28:30","guid":{"rendered":"http:\/\/motorcycletrading.com\/?page_id=11"},"modified":"2015-08-31T12:45:21","modified_gmt":"2015-08-31T12:45:21","slug":"bienvenue","status":"publish","type":"page","link":"https:\/\/motorcycletrading.com\/fr\/","title":{"rendered":"VDM, l&rsquo;importateur et l&rsquo;exportateur par excellence de motos, quads, VTT et moteurs hors-bord"},"content":{"rendered":"<p>En sa qualit\u00e9 de fournisseur de motos neuves et d\u2019autres articles connexes, VDM Motorcycletrading GmbH importe et exporte des motos routi\u00e8res, des motos de cross, des scooters, des quads, des VTTVTT, des moteurs hors-bord, des jet-skis, des v\u00e9hicules c\u00f4te \u00e0 c\u00f4te (<em>side-by-side<\/em>), des canots pneumatiques, des motoneiges, des voiturettes de golf et des g\u00e9n\u00e9rateurs d\u2019\u00e9lectricit\u00e9 de marques renomm\u00e9es, telles qu&rsquo;Aprilia, BMW, Ducati, Honda, Kawasaki, Moto Guzzi, Piaggio, Suzuki, Yamaha, etc.<\/p>\n<h3>Gamme \u00e9tendue et vari\u00e9e de motos<\/h3>\n<p>Gr\u00e2ce \u00e0 sa longue exp\u00e9rience dans le secteur motocycliste, VDM GmbH a tiss\u00e9 au fil des ann\u00e9es un r\u00e9seau international \u00e9tendu lui permettant d\u2019offrir un riche assortiment de motos, de quads, de VTTVTT et de moteurs hors-bord et de r\u00e9pondre quasiment toujours \u00e0 votre demande. Nous sommes uniquement orient\u00e9s sur une client\u00e8le B2B.<\/p>\n","protected":false},"excerpt":{"rendered":"<p>En sa qualit\u00e9 de fournisseur de motos neuves et d\u2019autres articles connexes, VDM Motorcycletrading GmbH importe et exporte des motos routi\u00e8res, des motos de cross, des scooters, des quads, des VTTVTT, des moteurs hors-bord, des jet-skis, des v\u00e9hicules c\u00f4te \u00e0 c\u00f4te (side-by-side), des canots pneumatiques, des motoneiges, des voiturettes de golf et des g\u00e9n\u00e9rateurs d\u2019\u00e9lectricit\u00e9 [&hellip;]<\/p>\n","protected":false},"author":3,"featured_media":0,"parent":0,"menu_order":0,"comment_status":"closed","ping_status":"closed","template":"page-home.php","meta":{"_monsterinsights_skip_tracking":false,"_monsterinsights_sitenote_active":false,"_monsterinsights_sitenote_note":"","_monsterinsights_sitenote_category":0,"_genesis_hide_title":false,"_genesis_hide_breadcrumbs":false,"_genesis_hide_singular_image":false,"_genesis_hide_footer_widgets":false,"_genesis_custom_body_class":"","_genesis_custom_post_class":"","_genesis_layout":"","footnotes":""},"class_list":{"0":"post-11","1":"page","2":"type-page","3":"status-publish","5":"entry","6":"has-post-thumbnail"},"yoast_head":"<!-- This site is optimized with the Yoast SEO plugin v27.0 - https:\/\/yoast.com\/product\/yoast-seo-wordpress\/ -->\n<title>VDM, l&#039;importateur et l&#039;exportateur par excellence de motos, quads, VTT et moteurs hors-bord - VDM<\/title>\n<meta name=\"robots\" content=\"index, follow, max-snippet:-1, max-image-preview:large, max-video-preview:-1\" \/>\n<link rel=\"canonical\" href=\"https:\/\/motorcycletrading.com\/fr\/\" \/>\n<meta property=\"og:locale\" content=\"fr_FR\" \/>\n<meta property=\"og:type\" content=\"article\" \/>\n<meta property=\"og:title\" content=\"VDM, l&#039;importateur et l&#039;exportateur par excellence de motos, quads, VTT et moteurs hors-bord - VDM\" \/>\n<meta property=\"og:description\" content=\"En sa qualit\u00e9 de fournisseur de motos neuves et d\u2019autres articles connexes, VDM Motorcycletrading GmbH importe et exporte des motos routi\u00e8res, des motos de cross, des scooters, des quads, des VTTVTT, des moteurs hors-bord, des jet-skis, des v\u00e9hicules c\u00f4te \u00e0 c\u00f4te (side-by-side), des canots pneumatiques, des motoneiges, des voiturettes de golf et des g\u00e9n\u00e9rateurs d\u2019\u00e9lectricit\u00e9 [&hellip;]\" \/>\n<meta property=\"og:url\" content=\"https:\/\/motorcycletrading.com\/fr\/\" \/>\n<meta property=\"og:site_name\" content=\"VDM\" \/>\n<meta property=\"article:publisher\" content=\"https:\/\/www.facebook.com\/motorcycletrading\" \/>\n<meta property=\"article:modified_time\" content=\"2015-08-31T12:45:21+00:00\" \/>\n<meta name=\"twitter:card\" content=\"summary_large_image\" \/>\n<meta name=\"twitter:label1\" content=\"Dur\u00e9e de lecture estim\u00e9e\" \/>\n\t<meta name=\"twitter:data1\" content=\"1 minute\" \/>\n<script type=\"application\/ld+json\" class=\"yoast-schema-graph\">{\"@context\":\"https:\/\/schema.org\",\"@graph\":[{\"@type\":\"WebPage\",\"@id\":\"https:\/\/motorcycletrading.com\/fr\/\",\"url\":\"https:\/\/motorcycletrading.com\/fr\/\",\"name\":\"VDM, l'importateur et l'exportateur par excellence de motos, quads, VTT et moteurs hors-bord - VDM\",\"isPartOf\":{\"@id\":\"https:\/\/motorcycletrading.com\/#website\"},\"datePublished\":\"2015-02-19T18:28:30+00:00\",\"dateModified\":\"2015-08-31T12:45:21+00:00\",\"breadcrumb\":{\"@id\":\"https:\/\/motorcycletrading.com\/fr\/#breadcrumb\"},\"inLanguage\":\"fr-FR\",\"potentialAction\":[{\"@type\":\"ReadAction\",\"target\":[\"https:\/\/motorcycletrading.com\/fr\/\"]}]},{\"@type\":\"BreadcrumbList\",\"@id\":\"https:\/\/motorcycletrading.com\/fr\/#breadcrumb\",\"itemListElement\":[{\"@type\":\"ListItem\",\"position\":1,\"name\":\"Home\",\"item\":\"https:\/\/motorcycletrading.com\/fr\/\"},{\"@type\":\"ListItem\",\"position\":2,\"name\":\"VDM, l&rsquo;importateur et l&rsquo;exportateur par excellence de motos, quads, VTT et moteurs hors-bord\"}]},{\"@type\":\"WebSite\",\"@id\":\"https:\/\/motorcycletrading.com\/#website\",\"url\":\"https:\/\/motorcycletrading.com\/\",\"name\":\"VDM\",\"description\":\"Import Export Worldwide\",\"potentialAction\":[{\"@type\":\"SearchAction\",\"target\":{\"@type\":\"EntryPoint\",\"urlTemplate\":\"https:\/\/motorcycletrading.com\/?s={search_term_string}\"},\"query-input\":{\"@type\":\"PropertyValueSpecification\",\"valueRequired\":true,\"valueName\":\"search_term_string\"}}],\"inLanguage\":\"fr-FR\"}]}<\/script>\n<!-- \/ Yoast SEO plugin. -->","yoast_head_json":{"title":"VDM, l'importateur et l'exportateur par excellence de motos, quads, VTT et moteurs hors-bord - VDM","robots":{"index":"index","follow":"follow","max-snippet":"max-snippet:-1","max-image-preview":"max-image-preview:large","max-video-preview":"max-video-preview:-1"},"canonical":"https:\/\/motorcycletrading.com\/fr\/","og_locale":"fr_FR","og_type":"article","og_title":"VDM, l'importateur et l'exportateur par excellence de motos, quads, VTT et moteurs hors-bord - VDM","og_description":"En sa qualit\u00e9 de fournisseur de motos neuves et d\u2019autres articles connexes, VDM Motorcycletrading GmbH importe et exporte des motos routi\u00e8res, des motos de cross, des scooters, des quads, des VTTVTT, des moteurs hors-bord, des jet-skis, des v\u00e9hicules c\u00f4te \u00e0 c\u00f4te (side-by-side), des canots pneumatiques, des motoneiges, des voiturettes de golf et des g\u00e9n\u00e9rateurs d\u2019\u00e9lectricit\u00e9 [&hellip;]","og_url":"https:\/\/motorcycletrading.com\/fr\/","og_site_name":"VDM","article_publisher":"https:\/\/www.facebook.com\/motorcycletrading","article_modified_time":"2015-08-31T12:45:21+00:00","twitter_card":"summary_large_image","twitter_misc":{"Dur\u00e9e de lecture estim\u00e9e":"1 minute"},"schema":{"@context":"https:\/\/schema.org","@graph":[{"@type":"WebPage","@id":"https:\/\/motorcycletrading.com\/fr\/","url":"https:\/\/motorcycletrading.com\/fr\/","name":"VDM, l'importateur et l'exportateur par excellence de motos, quads, VTT et moteurs hors-bord - VDM","isPartOf":{"@id":"https:\/\/motorcycletrading.com\/#website"},"datePublished":"2015-02-19T18:28:30+00:00","dateModified":"2015-08-31T12:45:21+00:00","breadcrumb":{"@id":"https:\/\/motorcycletrading.com\/fr\/#breadcrumb"},"inLanguage":"fr-FR","potentialAction":[{"@type":"ReadAction","target":["https:\/\/motorcycletrading.com\/fr\/"]}]},{"@type":"BreadcrumbList","@id":"https:\/\/motorcycletrading.com\/fr\/#breadcrumb","itemListElement":[{"@type":"ListItem","position":1,"name":"Home","item":"https:\/\/motorcycletrading.com\/fr\/"},{"@type":"ListItem","position":2,"name":"VDM, l&rsquo;importateur et l&rsquo;exportateur par excellence de motos, quads, VTT et moteurs hors-bord"}]},{"@type":"WebSite","@id":"https:\/\/motorcycletrading.com\/#website","url":"https:\/\/motorcycletrading.com\/","name":"VDM","description":"Import Export Worldwide","potentialAction":[{"@type":"SearchAction","target":{"@type":"EntryPoint","urlTemplate":"https:\/\/motorcycletrading.com\/?s={search_term_string}"},"query-input":{"@type":"PropertyValueSpecification","valueRequired":true,"valueName":"search_term_string"}}],"inLanguage":"fr-FR"}]}},"_links":{"self":[{"href":"https:\/\/motorcycletrading.com\/fr\/wp-json\/wp\/v2\/pages\/11","targetHints":{"allow":["GET"]}}],"collection":[{"href":"https:\/\/motorcycletrading.com\/fr\/wp-json\/wp\/v2\/pages"}],"about":[{"href":"https:\/\/motorcycletrading.com\/fr\/wp-json\/wp\/v2\/types\/page"}],"author":[{"embeddable":true,"href":"https:\/\/motorcycletrading.com\/fr\/wp-json\/wp\/v2\/users\/3"}],"replies":[{"embeddable":true,"href":"https:\/\/motorcycletrading.com\/fr\/wp-json\/wp\/v2\/comments?post=11"}],"version-history":[{"count":4,"href":"https:\/\/motorcycletrading.com\/fr\/wp-json\/wp\/v2\/pages\/11\/revisions"}],"predecessor-version":[{"id":477,"href":"https:\/\/motorcycletrading.com\/fr\/wp-json\/wp\/v2\/pages\/11\/revisions\/477"}],"wp:attachment":[{"href":"https:\/\/motorcycletrading.com\/fr\/wp-json\/wp\/v2\/media?parent=11"}],"curies":[{"name":"wp","href":"https:\/\/api.w.org\/{rel}","templated":true}]}}