{"id":282,"date":"2014-12-03T10:28:57","date_gmt":"2014-12-03T10:28:57","guid":{"rendered":"http:\/\/motorcycletrading.com\/over-ons-2\/"},"modified":"2024-01-18T09:32:06","modified_gmt":"2024-01-18T09:32:06","slug":"a-propos-de-nous","status":"publish","type":"page","link":"https:\/\/motorcycletrading.com\/fr\/a-propos-de-nous\/","title":{"rendered":"\u00c0 propos de nous"},"content":{"rendered":"<h2>VDM GmbH<\/h2>\n<p>La longue exp\u00e9rience, dont jouit VDM GmbH dans le secteur motocycliste, remonte \u00e0 1954, lorsque Piet van Dijk vendit sa premi\u00e8re moto. Ses fils, Willy et Piet van Dijk, se joignirent \u00e0 l\u2019entreprise pendant les ann\u00e9es 1960 et cr\u00e9\u00e8rent les entreprises Piet van Dijk Motoren et Motorpaleis Piet van Dijk. Apr\u00e8s de longues ann\u00e9es fructueuses, en particulier sur le march\u00e9 priv\u00e9 de la moto, l\u2019entreprise a \u00e9t\u00e9 reprise par une cha\u00eene nationale de magasins de motos. En 2000, Ingo van Dijk (le fils de Willy van Dijk) a lanc\u00e9 VDM GmbH, une entreprise B2B, en se concentrant, cette fois, exclusivement sur l&rsquo;importation et l&rsquo;exportation de motos routi\u00e8res, de motos de cross, de VTTVTT, de quads, de scooters, de moteurs hors-bord neufs, et d\u2019autres articles connexes.<\/p>\n<p>VDM GmbH, qui a une connaissance tr\u00e8s approfondie du commerce international de motos, ne cesse de renforcer les nombreux contacts internationaux nou\u00e9s par le pass\u00e9. Le professionnalisme, la cr\u00e9dibilit\u00e9, la fiabilit\u00e9 et le savoir-faire sont des facteurs essentiels dans le commerce B2B des motos et articles connexes. Nos prestations de services se distinguent par leur flexibilit\u00e9 et la discr\u00e9tion la plus totale. VDM GmbH fournit le produit appropri\u00e9 au moment et \u00e0 l\u2019endroit appropri\u00e9s.<\/p>\n<p>VDM GmbH dispose d&rsquo;un \u00e9norme entrep\u00f4t central de 6\u00a0000\u00a0m\u00b2 \u00e0 Gronau (en Allemagne, juste \u00e0 la fronti\u00e8re avec les Pays-Bas) \u00b2 lui permettant d\u2019approvisionner efficacement le commerce de d\u00e9tail europ\u00e9en et international.<\/p>\n","protected":false},"excerpt":{"rendered":"<p>VDM GmbH La longue exp\u00e9rience, dont jouit VDM GmbH dans le secteur motocycliste, remonte \u00e0 1954, lorsque Piet van Dijk vendit sa premi\u00e8re moto. Ses fils, Willy et Piet van Dijk, se joignirent \u00e0 l\u2019entreprise pendant les ann\u00e9es 1960 et cr\u00e9\u00e8rent les entreprises Piet van Dijk Motoren et Motorpaleis Piet van Dijk. Apr\u00e8s de longues [&hellip;]<\/p>\n","protected":false},"author":3,"featured_media":0,"parent":0,"menu_order":0,"comment_status":"closed","ping_status":"closed","template":"page-about.php","meta":{"_monsterinsights_skip_tracking":false,"_monsterinsights_sitenote_active":false,"_monsterinsights_sitenote_note":"","_monsterinsights_sitenote_category":0,"_genesis_hide_title":false,"_genesis_hide_breadcrumbs":false,"_genesis_hide_singular_image":false,"_genesis_hide_footer_widgets":false,"_genesis_custom_body_class":"","_genesis_custom_post_class":"","_genesis_layout":"","footnotes":""},"class_list":{"0":"post-282","1":"page","2":"type-page","3":"status-publish","5":"entry","6":"has-post-thumbnail"},"yoast_head":"<!-- This site is optimized with the Yoast SEO plugin v27.0 - https:\/\/yoast.com\/product\/yoast-seo-wordpress\/ -->\n<title>\u00c0 propos de nous - VDM<\/title>\n<meta name=\"robots\" content=\"index, follow, max-snippet:-1, max-image-preview:large, max-video-preview:-1\" \/>\n<link rel=\"canonical\" href=\"https:\/\/motorcycletrading.com\/fr\/a-propos-de-nous\/\" \/>\n<meta property=\"og:locale\" content=\"fr_FR\" \/>\n<meta property=\"og:type\" content=\"article\" \/>\n<meta property=\"og:title\" content=\"\u00c0 propos de nous - VDM\" \/>\n<meta property=\"og:description\" content=\"VDM GmbH La longue exp\u00e9rience, dont jouit VDM GmbH dans le secteur motocycliste, remonte \u00e0 1954, lorsque Piet van Dijk vendit sa premi\u00e8re moto. Ses fils, Willy et Piet van Dijk, se joignirent \u00e0 l\u2019entreprise pendant les ann\u00e9es 1960 et cr\u00e9\u00e8rent les entreprises Piet van Dijk Motoren et Motorpaleis Piet van Dijk. Apr\u00e8s de longues [&hellip;]\" \/>\n<meta property=\"og:url\" content=\"https:\/\/motorcycletrading.com\/fr\/a-propos-de-nous\/\" \/>\n<meta property=\"og:site_name\" content=\"VDM\" \/>\n<meta property=\"article:publisher\" content=\"https:\/\/www.facebook.com\/motorcycletrading\" \/>\n<meta property=\"article:modified_time\" content=\"2024-01-18T09:32:06+00:00\" \/>\n<meta name=\"twitter:card\" content=\"summary_large_image\" \/>\n<meta name=\"twitter:label1\" content=\"Dur\u00e9e de lecture estim\u00e9e\" \/>\n\t<meta name=\"twitter:data1\" content=\"2 minutes\" \/>\n<script type=\"application\/ld+json\" class=\"yoast-schema-graph\">{\"@context\":\"https:\/\/schema.org\",\"@graph\":[{\"@type\":\"WebPage\",\"@id\":\"https:\/\/motorcycletrading.com\/fr\/a-propos-de-nous\/\",\"url\":\"https:\/\/motorcycletrading.com\/fr\/a-propos-de-nous\/\",\"name\":\"\u00c0 propos de nous - VDM\",\"isPartOf\":{\"@id\":\"https:\/\/motorcycletrading.com\/#website\"},\"datePublished\":\"2014-12-03T10:28:57+00:00\",\"dateModified\":\"2024-01-18T09:32:06+00:00\",\"breadcrumb\":{\"@id\":\"https:\/\/motorcycletrading.com\/fr\/a-propos-de-nous\/#breadcrumb\"},\"inLanguage\":\"fr-FR\",\"potentialAction\":[{\"@type\":\"ReadAction\",\"target\":[\"https:\/\/motorcycletrading.com\/fr\/a-propos-de-nous\/\"]}]},{\"@type\":\"BreadcrumbList\",\"@id\":\"https:\/\/motorcycletrading.com\/fr\/a-propos-de-nous\/#breadcrumb\",\"itemListElement\":[{\"@type\":\"ListItem\",\"position\":1,\"name\":\"Home\",\"item\":\"https:\/\/motorcycletrading.com\/fr\/\"},{\"@type\":\"ListItem\",\"position\":2,\"name\":\"\u00c0 propos de nous\"}]},{\"@type\":\"WebSite\",\"@id\":\"https:\/\/motorcycletrading.com\/#website\",\"url\":\"https:\/\/motorcycletrading.com\/\",\"name\":\"VDM\",\"description\":\"Import Export Worldwide\",\"potentialAction\":[{\"@type\":\"SearchAction\",\"target\":{\"@type\":\"EntryPoint\",\"urlTemplate\":\"https:\/\/motorcycletrading.com\/?s={search_term_string}\"},\"query-input\":{\"@type\":\"PropertyValueSpecification\",\"valueRequired\":true,\"valueName\":\"search_term_string\"}}],\"inLanguage\":\"fr-FR\"}]}<\/script>\n<!-- \/ Yoast SEO plugin. -->","yoast_head_json":{"title":"\u00c0 propos de nous - VDM","robots":{"index":"index","follow":"follow","max-snippet":"max-snippet:-1","max-image-preview":"max-image-preview:large","max-video-preview":"max-video-preview:-1"},"canonical":"https:\/\/motorcycletrading.com\/fr\/a-propos-de-nous\/","og_locale":"fr_FR","og_type":"article","og_title":"\u00c0 propos de nous - VDM","og_description":"VDM GmbH La longue exp\u00e9rience, dont jouit VDM GmbH dans le secteur motocycliste, remonte \u00e0 1954, lorsque Piet van Dijk vendit sa premi\u00e8re moto. Ses fils, Willy et Piet van Dijk, se joignirent \u00e0 l\u2019entreprise pendant les ann\u00e9es 1960 et cr\u00e9\u00e8rent les entreprises Piet van Dijk Motoren et Motorpaleis Piet van Dijk. Apr\u00e8s de longues [&hellip;]","og_url":"https:\/\/motorcycletrading.com\/fr\/a-propos-de-nous\/","og_site_name":"VDM","article_publisher":"https:\/\/www.facebook.com\/motorcycletrading","article_modified_time":"2024-01-18T09:32:06+00:00","twitter_card":"summary_large_image","twitter_misc":{"Dur\u00e9e de lecture estim\u00e9e":"2 minutes"},"schema":{"@context":"https:\/\/schema.org","@graph":[{"@type":"WebPage","@id":"https:\/\/motorcycletrading.com\/fr\/a-propos-de-nous\/","url":"https:\/\/motorcycletrading.com\/fr\/a-propos-de-nous\/","name":"\u00c0 propos de nous - VDM","isPartOf":{"@id":"https:\/\/motorcycletrading.com\/#website"},"datePublished":"2014-12-03T10:28:57+00:00","dateModified":"2024-01-18T09:32:06+00:00","breadcrumb":{"@id":"https:\/\/motorcycletrading.com\/fr\/a-propos-de-nous\/#breadcrumb"},"inLanguage":"fr-FR","potentialAction":[{"@type":"ReadAction","target":["https:\/\/motorcycletrading.com\/fr\/a-propos-de-nous\/"]}]},{"@type":"BreadcrumbList","@id":"https:\/\/motorcycletrading.com\/fr\/a-propos-de-nous\/#breadcrumb","itemListElement":[{"@type":"ListItem","position":1,"name":"Home","item":"https:\/\/motorcycletrading.com\/fr\/"},{"@type":"ListItem","position":2,"name":"\u00c0 propos de nous"}]},{"@type":"WebSite","@id":"https:\/\/motorcycletrading.com\/#website","url":"https:\/\/motorcycletrading.com\/","name":"VDM","description":"Import Export Worldwide","potentialAction":[{"@type":"SearchAction","target":{"@type":"EntryPoint","urlTemplate":"https:\/\/motorcycletrading.com\/?s={search_term_string}"},"query-input":{"@type":"PropertyValueSpecification","valueRequired":true,"valueName":"search_term_string"}}],"inLanguage":"fr-FR"}]}},"_links":{"self":[{"href":"https:\/\/motorcycletrading.com\/fr\/wp-json\/wp\/v2\/pages\/282","targetHints":{"allow":["GET"]}}],"collection":[{"href":"https:\/\/motorcycletrading.com\/fr\/wp-json\/wp\/v2\/pages"}],"about":[{"href":"https:\/\/motorcycletrading.com\/fr\/wp-json\/wp\/v2\/types\/page"}],"author":[{"embeddable":true,"href":"https:\/\/motorcycletrading.com\/fr\/wp-json\/wp\/v2\/users\/3"}],"replies":[{"embeddable":true,"href":"https:\/\/motorcycletrading.com\/fr\/wp-json\/wp\/v2\/comments?post=282"}],"version-history":[{"count":2,"href":"https:\/\/motorcycletrading.com\/fr\/wp-json\/wp\/v2\/pages\/282\/revisions"}],"predecessor-version":[{"id":480,"href":"https:\/\/motorcycletrading.com\/fr\/wp-json\/wp\/v2\/pages\/282\/revisions\/480"}],"wp:attachment":[{"href":"https:\/\/motorcycletrading.com\/fr\/wp-json\/wp\/v2\/media?parent=282"}],"curies":[{"name":"wp","href":"https:\/\/api.w.org\/{rel}","templated":true}]}}