{"id":339,"date":"2015-04-19T08:29:43","date_gmt":"2015-04-19T08:29:43","guid":{"rendered":"http:\/\/motorcycletrading.com\/inkoop-2\/"},"modified":"2015-08-31T12:06:28","modified_gmt":"2015-08-31T12:06:28","slug":"achat","status":"publish","type":"page","link":"https:\/\/motorcycletrading.com\/fr\/achat\/","title":{"rendered":"Achat"},"content":{"rendered":"<h2 class=\"p1\">Achat<\/h2>\n<p>VDM Motorcycletrading GmbH est toujours int\u00e9ress\u00e9e par l&rsquo;achat de stocks de motocycles, ATV, quads, moteurs hors-bords, etc.<\/p>\n<p>Veuillez remplir vos coordonn\u00e9es ci-dessous et nous vous contacterons au plus vite.<\/p>\n<p>Toutes les informations seront trait\u00e9es avec la plus grande discr\u00e9tion.<\/p>\n<p class=\"p1\">Pour tout compl\u00e9ment d&rsquo;information, veuillez nous <a href=\"https:\/\/motorcycletrading.com\/fr\/contact\/\">contacter<\/a><\/p>\n","protected":false},"excerpt":{"rendered":"<p>Achat VDM Motorcycletrading GmbH est toujours int\u00e9ress\u00e9e par l&rsquo;achat de stocks de motocycles, ATV, quads, moteurs hors-bords, etc. Veuillez remplir vos coordonn\u00e9es ci-dessous et nous vous contacterons au plus vite. Toutes les informations seront trait\u00e9es avec la plus grande discr\u00e9tion. Pour tout compl\u00e9ment d&rsquo;information, veuillez nous contacter<\/p>\n","protected":false},"author":3,"featured_media":0,"parent":0,"menu_order":0,"comment_status":"closed","ping_status":"closed","template":"page-import.php","meta":{"_monsterinsights_skip_tracking":false,"_monsterinsights_sitenote_active":false,"_monsterinsights_sitenote_note":"","_monsterinsights_sitenote_category":0,"_genesis_hide_title":false,"_genesis_hide_breadcrumbs":false,"_genesis_hide_singular_image":false,"_genesis_hide_footer_widgets":false,"_genesis_custom_body_class":"","_genesis_custom_post_class":"","_genesis_layout":"","footnotes":""},"class_list":{"0":"post-339","1":"page","2":"type-page","3":"status-publish","5":"entry"},"yoast_head":"<!-- This site is optimized with the Yoast SEO plugin v27.0 - https:\/\/yoast.com\/product\/yoast-seo-wordpress\/ -->\n<title>Achat - VDM<\/title>\n<meta name=\"robots\" content=\"index, follow, max-snippet:-1, max-image-preview:large, max-video-preview:-1\" \/>\n<link rel=\"canonical\" href=\"https:\/\/motorcycletrading.com\/fr\/achat\/\" \/>\n<meta property=\"og:locale\" content=\"fr_FR\" \/>\n<meta property=\"og:type\" content=\"article\" \/>\n<meta property=\"og:title\" content=\"Achat - VDM\" \/>\n<meta property=\"og:description\" content=\"Achat VDM Motorcycletrading GmbH est toujours int\u00e9ress\u00e9e par l&rsquo;achat de stocks de motocycles, ATV, quads, moteurs hors-bords, etc. Veuillez remplir vos coordonn\u00e9es ci-dessous et nous vous contacterons au plus vite. Toutes les informations seront trait\u00e9es avec la plus grande discr\u00e9tion. Pour tout compl\u00e9ment d&rsquo;information, veuillez nous contacter\" \/>\n<meta property=\"og:url\" content=\"https:\/\/motorcycletrading.com\/fr\/achat\/\" \/>\n<meta property=\"og:site_name\" content=\"VDM\" \/>\n<meta property=\"article:publisher\" content=\"https:\/\/www.facebook.com\/motorcycletrading\" \/>\n<meta property=\"article:modified_time\" content=\"2015-08-31T12:06:28+00:00\" \/>\n<meta name=\"twitter:card\" content=\"summary_large_image\" \/>\n<script type=\"application\/ld+json\" class=\"yoast-schema-graph\">{\"@context\":\"https:\/\/schema.org\",\"@graph\":[{\"@type\":\"WebPage\",\"@id\":\"https:\/\/motorcycletrading.com\/fr\/achat\/\",\"url\":\"https:\/\/motorcycletrading.com\/fr\/achat\/\",\"name\":\"Achat - VDM\",\"isPartOf\":{\"@id\":\"https:\/\/motorcycletrading.com\/#website\"},\"datePublished\":\"2015-04-19T08:29:43+00:00\",\"dateModified\":\"2015-08-31T12:06:28+00:00\",\"breadcrumb\":{\"@id\":\"https:\/\/motorcycletrading.com\/fr\/achat\/#breadcrumb\"},\"inLanguage\":\"fr-FR\",\"potentialAction\":[{\"@type\":\"ReadAction\",\"target\":[\"https:\/\/motorcycletrading.com\/fr\/achat\/\"]}]},{\"@type\":\"BreadcrumbList\",\"@id\":\"https:\/\/motorcycletrading.com\/fr\/achat\/#breadcrumb\",\"itemListElement\":[{\"@type\":\"ListItem\",\"position\":1,\"name\":\"Home\",\"item\":\"https:\/\/motorcycletrading.com\/fr\/\"},{\"@type\":\"ListItem\",\"position\":2,\"name\":\"Achat\"}]},{\"@type\":\"WebSite\",\"@id\":\"https:\/\/motorcycletrading.com\/#website\",\"url\":\"https:\/\/motorcycletrading.com\/\",\"name\":\"VDM\",\"description\":\"Import Export Worldwide\",\"potentialAction\":[{\"@type\":\"SearchAction\",\"target\":{\"@type\":\"EntryPoint\",\"urlTemplate\":\"https:\/\/motorcycletrading.com\/?s={search_term_string}\"},\"query-input\":{\"@type\":\"PropertyValueSpecification\",\"valueRequired\":true,\"valueName\":\"search_term_string\"}}],\"inLanguage\":\"fr-FR\"}]}<\/script>\n<!-- \/ Yoast SEO plugin. -->","yoast_head_json":{"title":"Achat - VDM","robots":{"index":"index","follow":"follow","max-snippet":"max-snippet:-1","max-image-preview":"max-image-preview:large","max-video-preview":"max-video-preview:-1"},"canonical":"https:\/\/motorcycletrading.com\/fr\/achat\/","og_locale":"fr_FR","og_type":"article","og_title":"Achat - VDM","og_description":"Achat VDM Motorcycletrading GmbH est toujours int\u00e9ress\u00e9e par l&rsquo;achat de stocks de motocycles, ATV, quads, moteurs hors-bords, etc. Veuillez remplir vos coordonn\u00e9es ci-dessous et nous vous contacterons au plus vite. Toutes les informations seront trait\u00e9es avec la plus grande discr\u00e9tion. Pour tout compl\u00e9ment d&rsquo;information, veuillez nous contacter","og_url":"https:\/\/motorcycletrading.com\/fr\/achat\/","og_site_name":"VDM","article_publisher":"https:\/\/www.facebook.com\/motorcycletrading","article_modified_time":"2015-08-31T12:06:28+00:00","twitter_card":"summary_large_image","schema":{"@context":"https:\/\/schema.org","@graph":[{"@type":"WebPage","@id":"https:\/\/motorcycletrading.com\/fr\/achat\/","url":"https:\/\/motorcycletrading.com\/fr\/achat\/","name":"Achat - VDM","isPartOf":{"@id":"https:\/\/motorcycletrading.com\/#website"},"datePublished":"2015-04-19T08:29:43+00:00","dateModified":"2015-08-31T12:06:28+00:00","breadcrumb":{"@id":"https:\/\/motorcycletrading.com\/fr\/achat\/#breadcrumb"},"inLanguage":"fr-FR","potentialAction":[{"@type":"ReadAction","target":["https:\/\/motorcycletrading.com\/fr\/achat\/"]}]},{"@type":"BreadcrumbList","@id":"https:\/\/motorcycletrading.com\/fr\/achat\/#breadcrumb","itemListElement":[{"@type":"ListItem","position":1,"name":"Home","item":"https:\/\/motorcycletrading.com\/fr\/"},{"@type":"ListItem","position":2,"name":"Achat"}]},{"@type":"WebSite","@id":"https:\/\/motorcycletrading.com\/#website","url":"https:\/\/motorcycletrading.com\/","name":"VDM","description":"Import Export Worldwide","potentialAction":[{"@type":"SearchAction","target":{"@type":"EntryPoint","urlTemplate":"https:\/\/motorcycletrading.com\/?s={search_term_string}"},"query-input":{"@type":"PropertyValueSpecification","valueRequired":true,"valueName":"search_term_string"}}],"inLanguage":"fr-FR"}]}},"_links":{"self":[{"href":"https:\/\/motorcycletrading.com\/fr\/wp-json\/wp\/v2\/pages\/339","targetHints":{"allow":["GET"]}}],"collection":[{"href":"https:\/\/motorcycletrading.com\/fr\/wp-json\/wp\/v2\/pages"}],"about":[{"href":"https:\/\/motorcycletrading.com\/fr\/wp-json\/wp\/v2\/types\/page"}],"author":[{"embeddable":true,"href":"https:\/\/motorcycletrading.com\/fr\/wp-json\/wp\/v2\/users\/3"}],"replies":[{"embeddable":true,"href":"https:\/\/motorcycletrading.com\/fr\/wp-json\/wp\/v2\/comments?post=339"}],"version-history":[{"count":3,"href":"https:\/\/motorcycletrading.com\/fr\/wp-json\/wp\/v2\/pages\/339\/revisions"}],"predecessor-version":[{"id":612,"href":"https:\/\/motorcycletrading.com\/fr\/wp-json\/wp\/v2\/pages\/339\/revisions\/612"}],"wp:attachment":[{"href":"https:\/\/motorcycletrading.com\/fr\/wp-json\/wp\/v2\/media?parent=339"}],"curies":[{"name":"wp","href":"https:\/\/api.w.org\/{rel}","templated":true}]}}