{"id":752,"date":"2018-07-04T09:27:30","date_gmt":"2018-07-04T09:27:30","guid":{"rendered":"http:\/\/motorcycletrading.com\/?page_id=752"},"modified":"2018-07-04T09:27:30","modified_gmt":"2018-07-04T09:27:30","slug":"privacy-policy","status":"publish","type":"page","link":"https:\/\/motorcycletrading.com\/it\/privacy-policy\/","title":{"rendered":"Privacy Policy"},"content":{"rendered":"<p>Die VDM GmbH, mit Sitz in der Otto-Hahn-Stra\u00dfe 8 48599 Gronau in Deutschland, ist f\u00fcr die Verarbeitung personenbezogener Daten gem\u00e4\u00df dieser Datenschutzerkl\u00e4rung verantwortlich.<\/p>\n<p><strong>Kontaktdaten:<br \/>\n<\/strong><a href=\"http:\/\/www.motorcycletrading.com\/\">www.motorcycletrading.com<\/a><\/p>\n<p>Otto-Hahn-Stra\u00dfe 8<\/p>\n<p>48599 Gronau<\/p>\n<p>Deutschland<\/p>\n<p>+49 2562 710 710<\/p>\n<p>Ingo van Dijk ist Datenschutzbeauftragter der VDM GmbH.<br \/>\nEr kann \u00fcber\u00a0<a href=\"mailto:info@motorcycletrading.com\">info@motorcycletrading.com<\/a>\u00a0\u00a0erreicht werden<\/p>\n<p><strong>Pers\u00f6nliche Daten, die wir verarbeiten<br \/>\n<\/strong>Die VDM GmbH verarbeitet Ihre personenbezogenen Daten, da Sie unsere Dienste nutzen und \/ oder Sie diese selbst bereitstellen. Nachfolgend finden Sie einen \u00dcberblick \u00fcber die von uns verarbeiteten personenbezogenen Daten:<\/p>\n<p>\u2013 Vor- und Nachname<br \/>\n\u2013 Geschlecht<br \/>\n\u2013 Geburtsdatum<br \/>\n\u2013 Geburtsort<br \/>\n\u2013 Adressdetails<br \/>\n\u2013 Telefonnummer<br \/>\n\u2013 E-Mail-Adresse<br \/>\n\u2013 IP-Adresse<br \/>\n\u2013 Andere pers\u00f6nliche Daten, die Sie aktiv bereitstellen, z. B. durch Erstellen eines Profils auf dieser Website, in Korrespondenz und per Telefon<br \/>\n\u2013 Liste der Kontaktdaten des Kunden \u00fcber eine App<br \/>\n\u2013 Internetbrowser und Ger\u00e4tetyp<br \/>\n\u2013 Bankkontonummer unsere Website<\/p>\n<p><strong>Spezielle und \/ oder sensible personenbezogene Daten, welche wir verarbeiten<br \/>\n<\/strong>Unsere Website \/ oder Dienst hat nicht die Absicht, Daten \u00fcber Website-Besucher zu sammeln, die j\u00fcnger als 16 Jahre sind. Es sei denn, sie haben die Erlaubnis von Eltern oder Erziehungsberechtigten. Wir k\u00f6nnen jedoch nicht \u00fcberpr\u00fcfen, ob ein Besucher \u00e4lter als 16 ist. Wir ermutigen Eltern, sich an den Online-Aktivit\u00e4ten ihrer Kinder zu beteiligen, um zu verhindern, dass Daten \u00fcber Kinder gesammelt werden, ohne dass die Eltern ihre Zustimmung geben. Wenn Sie \u00fcberzeugt sind, dass wir ohne diese Zustimmung pers\u00f6nliche Informationen \u00fcber Minderj\u00e4hrige gesammelt haben, kontaktieren Sie uns bitte unter info@motorcycletrading.com und wir werden diese Informationen l\u00f6schen.<\/p>\n<p><strong><br \/>\nZu welchem Zweck und auf welcher Grundlage verarbeiten wir personenbezogene Daten?<\/strong><\/p>\n<p>Die VDM GmbH verarbeitet Ihre personenbezogenen Daten zu folgenden Zwecken:<br \/>\n\u2013 Abwicklung Ihrer Zahlung<br \/>\n\u2013 Senden von unserem Newsletter und \/ oder Werbebrosch\u00fcre<br \/>\n\u2013 Sie bei Bedarf anzurufen oder e-mailen, um unsere Dienste auszuf\u00fchren<br \/>\n\u2013 sie \u00fcber \u00fcber \u00c4nderungen von \u00a0unseren Dienstleistungen und Produkten zu informieren<br \/>\n\u2013 Ihnen die M\u00f6glichkeit geben, ein Konto zu erstellen<br \/>\n\u2013 Ihnen Waren und Dienstleistungen zu liefern<br \/>\n\u2013 Die VDM GmbH verarbeitet personenbezogene Daten auch dann, wenn wir dazu gesetzlich verpflichtet sind, wie zum Beispiel Informationen, die wir f\u00fcr unsere Steuererkl\u00e4rung ben\u00f6tigen.<\/p>\n<p><strong>Automatisierte Entscheidungsfindung<br \/>\n<\/strong>Die VDM GmbH trifft keine Entscheidungen, die auf einer automatisierten Verarbeitung in Angelegenheiten beruhen, die (schwerwiegende) Konsequenzen f\u00fcr Personen haben k\u00f6nnen. Dies sind Entscheidungen, die von Computerprogrammen oder Systemen getroffen werden, ohne dass eine Person (zB ein Mitarbeiter der VDM GmbH) dazwischen sitzt.<\/p>\n<p><strong>Wie lange speichern wir personenbezogene Daten?<br \/>\n<\/strong>Die VDM GmbH speichert Ihre personenbezogenen Daten nicht l\u00e4nger als unbedingt erforderlich, um die Zwecke zu erreichen, zu denen Ihre Daten erhoben werden. F\u00fcr die folgenden (Kategorien) von personenbezogenen Daten verwenden wir folgende Aufbewahrungsfristen:<\/p>\n<p>Pers\u00f6nliche Daten&gt; 10 Jahre&gt; Aufbewahrungsvorschrift Finanzamt<br \/>\nPersonalia&gt; 10 Jahre&gt; Aufbewahrungsvorschrift Finanzamt<br \/>\nAdresse&gt; 10 Jahre&gt; Aufbewahrungsvorschrift Finanzamt<br \/>\nE-Mail-Adresse&gt; Aufbewahrungsvorschrift Finanzamt<br \/>\nKontonummer 10 Jahre&gt; Aufbewahrungsvorschrift Finanzamt<\/p>\n<p><strong>Weitergabe personenbezogener Daten an Dritte<br \/>\n<\/strong>Die VDM GmbH wird Ihre Informationen nicht an Dritte verkaufen oder weitergeben und wird diese Informationen nur zur Verf\u00fcgung stellen, wenn dies f\u00fcr die Durchf\u00fchrung unserer Vereinbarung mit Ihnen oder zur Einhaltung einer gesetzlichen Verpflichtung erforderlich ist. Mit Unternehmen, die Ihre Daten in unserem Auftrag bearbeiten, schlie\u00dfen wir eine Vereinbarung, um das gleiche Ma\u00df an Sicherheit und Vertraulichkeit Ihrer Daten zu gew\u00e4hrleisten. Die VDM GmbH bleibt f\u00fcr diese Verarbeitung verantwortlich.<\/p>\n<p><strong>Cookies oder \u00e4hnliche Techniken, die wir verwenden<br \/>\n<\/strong>Die VDM GmbH verwendet Cookies oder \u00e4hnliche Techniken.<\/p>\n<p><strong>Daten anzeigen, \u00e4ndern oder l\u00f6schen<br \/>\n<\/strong>Sie haben das Recht, Ihre pers\u00f6nlichen Daten einzusehen, zu korrigieren oder zu l\u00f6schen. Sie haben auch das Recht, Ihre Einwilligung in die Datenverarbeitung zu widerrufen oder der Verarbeitung Ihrer personenbezogenen Daten zu widersprechen.<\/p>\n<p>VDM GmbH und Sie haben das Recht auf Daten\u00fcbertragung. Dies bedeutet, dass Sie eine Anfrage an uns senden k\u00f6nnen, um die pers\u00f6nlichen Informationen, die wir in Ihrer Computerdatei haben, an Sie oder eine andere von Ihnen erw\u00e4hnte Organisation zu senden.<\/p>\n<p>Sie k\u00f6nnen eine Anfrage auf Zugang, Berichtigung, L\u00f6schung, Daten\u00fcbermittlung Ihrer pers\u00f6nlichen Daten oder Antrag auf Widerruf Ihrer Zustimmung oder Einspruch gegen die Verarbeitung Ihrer pers\u00f6nlichen Daten an info@motorcycletrading.com senden.<\/p>\n<p>Um sicherzustellen, dass die Zugangsanfrage von Ihnen gestellt wurde, bitten wir Sie, eine Kopie Ihrer ID mit der Anfrage zu senden. Machen Sie in der \u00a0Kopie Ihres Personalausweises, die MRZ (maschinenlesbare Zone, Lesezone befindet sich im unteren Bereich des Passes), Passnummer und Sozialversicherungsnummer (SSN), schwarz. Dies dient dem Schutz Ihrer Privatsph\u00e4re. Wir antworten so schnell wie m\u00f6glich, innerhalb von vier Wochen, ab Zeitpunkt der Anfrage.<\/p>\n<p>Die VDM GmbH weist auch darauf hin, dass Sie die M\u00f6glichkeit haben, bei der nationalen Aufsichtsbeh\u00f6rde, der deutsche Datenschutzbeh\u00f6rde, Beschwerde einzulegen.<br \/>\nWie sch\u00fctzen wir personenbezogene Daten?<br \/>\nDie VDM GmbH nimmt den Schutz Ihrer Daten ernst und ergreift geeignete Ma\u00dfnahmen, um Missbrauch, Verlust, unbefugten Zugriff, unerw\u00fcnschte Offenlegung und unberechtigte \u00c4nderungen zu verhindern. Wenn Sie den Eindruck haben, dass Ihre Daten nicht sicher sind oder Anzeichen f\u00fcr Missbrauch vorliegen, wenden Sie sich bitte an unseren Kundendienst oder an info@motorcycletrading.com.<br \/>\nDie VDM GmbH hat folgende Ma\u00dfnahmen zum Schutz Ihrer personenbezogenen Daten getroffen:<\/p>\n<ul>\n<li>Sicherheitssoftware wie Virenscanner und Firewall.<\/li>\n<\/ul>\n","protected":false},"excerpt":{"rendered":"<p>Die VDM GmbH, mit Sitz in der Otto-Hahn-Stra\u00dfe 8 48599 Gronau in Deutschland, ist f\u00fcr die Verarbeitung personenbezogener Daten gem\u00e4\u00df dieser Datenschutzerkl\u00e4rung verantwortlich. Kontaktdaten: www.motorcycletrading.com Otto-Hahn-Stra\u00dfe 8 48599 Gronau Deutschland +49 2562 710 710 Ingo van Dijk ist Datenschutzbeauftragter der VDM GmbH. Er kann \u00fcber\u00a0info@motorcycletrading.com\u00a0\u00a0erreicht werden Pers\u00f6nliche Daten, die wir verarbeiten Die VDM GmbH verarbeitet [&hellip;]<\/p>\n","protected":false},"author":3,"featured_media":0,"parent":0,"menu_order":0,"comment_status":"closed","ping_status":"closed","template":"","meta":{"_monsterinsights_skip_tracking":false,"_monsterinsights_sitenote_active":false,"_monsterinsights_sitenote_note":"","_monsterinsights_sitenote_category":0,"_genesis_hide_title":false,"_genesis_hide_breadcrumbs":false,"_genesis_hide_singular_image":false,"_genesis_hide_footer_widgets":false,"_genesis_custom_body_class":"","_genesis_custom_post_class":"","_genesis_layout":"","footnotes":""},"class_list":{"0":"post-752","1":"page","2":"type-page","3":"status-publish","5":"entry"},"yoast_head":"<!-- This site is optimized with the Yoast SEO plugin v27.0 - https:\/\/yoast.com\/product\/yoast-seo-wordpress\/ -->\n<title>Privacy Policy - VDM<\/title>\n<meta name=\"robots\" content=\"index, follow, max-snippet:-1, max-image-preview:large, max-video-preview:-1\" \/>\n<link rel=\"canonical\" href=\"https:\/\/motorcycletrading.com\/privacy-policy-datenschutzerklarung\/\" \/>\n<meta property=\"og:locale\" content=\"it_IT\" \/>\n<meta property=\"og:type\" content=\"article\" \/>\n<meta property=\"og:title\" content=\"Privacy Policy - VDM\" \/>\n<meta property=\"og:description\" content=\"Die VDM GmbH, mit Sitz in der Otto-Hahn-Stra\u00dfe 8 48599 Gronau in Deutschland, ist f\u00fcr die Verarbeitung personenbezogener Daten gem\u00e4\u00df dieser Datenschutzerkl\u00e4rung verantwortlich. Kontaktdaten: www.motorcycletrading.com Otto-Hahn-Stra\u00dfe 8 48599 Gronau Deutschland +49 2562 710 710 Ingo van Dijk ist Datenschutzbeauftragter der VDM GmbH. Er kann \u00fcber\u00a0info@motorcycletrading.com\u00a0\u00a0erreicht werden Pers\u00f6nliche Daten, die wir verarbeiten Die VDM GmbH verarbeitet [&hellip;]\" \/>\n<meta property=\"og:url\" content=\"https:\/\/motorcycletrading.com\/privacy-policy-datenschutzerklarung\/\" \/>\n<meta property=\"og:site_name\" content=\"VDM\" \/>\n<meta property=\"article:publisher\" content=\"https:\/\/www.facebook.com\/motorcycletrading\" \/>\n<meta name=\"twitter:card\" content=\"summary_large_image\" \/>\n<meta name=\"twitter:label1\" content=\"Tempo di lettura stimato\" \/>\n\t<meta name=\"twitter:data1\" content=\"4 minuti\" \/>\n<script type=\"application\/ld+json\" class=\"yoast-schema-graph\">{\"@context\":\"https:\/\/schema.org\",\"@graph\":[{\"@type\":\"WebPage\",\"@id\":\"https:\/\/motorcycletrading.com\/privacy-policy-datenschutzerklarung\/\",\"url\":\"https:\/\/motorcycletrading.com\/privacy-policy-datenschutzerklarung\/\",\"name\":\"Privacy Policy - VDM\",\"isPartOf\":{\"@id\":\"https:\/\/motorcycletrading.com\/#website\"},\"datePublished\":\"2018-07-04T09:27:30+00:00\",\"breadcrumb\":{\"@id\":\"https:\/\/motorcycletrading.com\/privacy-policy-datenschutzerklarung\/#breadcrumb\"},\"inLanguage\":\"it-IT\",\"potentialAction\":[{\"@type\":\"ReadAction\",\"target\":[\"https:\/\/motorcycletrading.com\/privacy-policy-datenschutzerklarung\/\"]}]},{\"@type\":\"BreadcrumbList\",\"@id\":\"https:\/\/motorcycletrading.com\/privacy-policy-datenschutzerklarung\/#breadcrumb\",\"itemListElement\":[{\"@type\":\"ListItem\",\"position\":1,\"name\":\"Home\",\"item\":\"https:\/\/motorcycletrading.com\/it\/\"},{\"@type\":\"ListItem\",\"position\":2,\"name\":\"Privacy Policy\"}]},{\"@type\":\"WebSite\",\"@id\":\"https:\/\/motorcycletrading.com\/#website\",\"url\":\"https:\/\/motorcycletrading.com\/\",\"name\":\"VDM\",\"description\":\"Import Export Worldwide\",\"potentialAction\":[{\"@type\":\"SearchAction\",\"target\":{\"@type\":\"EntryPoint\",\"urlTemplate\":\"https:\/\/motorcycletrading.com\/?s={search_term_string}\"},\"query-input\":{\"@type\":\"PropertyValueSpecification\",\"valueRequired\":true,\"valueName\":\"search_term_string\"}}],\"inLanguage\":\"it-IT\"}]}<\/script>\n<!-- \/ Yoast SEO plugin. -->","yoast_head_json":{"title":"Privacy Policy - VDM","robots":{"index":"index","follow":"follow","max-snippet":"max-snippet:-1","max-image-preview":"max-image-preview:large","max-video-preview":"max-video-preview:-1"},"canonical":"https:\/\/motorcycletrading.com\/privacy-policy-datenschutzerklarung\/","og_locale":"it_IT","og_type":"article","og_title":"Privacy Policy - VDM","og_description":"Die VDM GmbH, mit Sitz in der Otto-Hahn-Stra\u00dfe 8 48599 Gronau in Deutschland, ist f\u00fcr die Verarbeitung personenbezogener Daten gem\u00e4\u00df dieser Datenschutzerkl\u00e4rung verantwortlich. Kontaktdaten: www.motorcycletrading.com Otto-Hahn-Stra\u00dfe 8 48599 Gronau Deutschland +49 2562 710 710 Ingo van Dijk ist Datenschutzbeauftragter der VDM GmbH. Er kann \u00fcber\u00a0info@motorcycletrading.com\u00a0\u00a0erreicht werden Pers\u00f6nliche Daten, die wir verarbeiten Die VDM GmbH verarbeitet [&hellip;]","og_url":"https:\/\/motorcycletrading.com\/privacy-policy-datenschutzerklarung\/","og_site_name":"VDM","article_publisher":"https:\/\/www.facebook.com\/motorcycletrading","twitter_card":"summary_large_image","twitter_misc":{"Tempo di lettura stimato":"4 minuti"},"schema":{"@context":"https:\/\/schema.org","@graph":[{"@type":"WebPage","@id":"https:\/\/motorcycletrading.com\/privacy-policy-datenschutzerklarung\/","url":"https:\/\/motorcycletrading.com\/privacy-policy-datenschutzerklarung\/","name":"Privacy Policy - VDM","isPartOf":{"@id":"https:\/\/motorcycletrading.com\/#website"},"datePublished":"2018-07-04T09:27:30+00:00","breadcrumb":{"@id":"https:\/\/motorcycletrading.com\/privacy-policy-datenschutzerklarung\/#breadcrumb"},"inLanguage":"it-IT","potentialAction":[{"@type":"ReadAction","target":["https:\/\/motorcycletrading.com\/privacy-policy-datenschutzerklarung\/"]}]},{"@type":"BreadcrumbList","@id":"https:\/\/motorcycletrading.com\/privacy-policy-datenschutzerklarung\/#breadcrumb","itemListElement":[{"@type":"ListItem","position":1,"name":"Home","item":"https:\/\/motorcycletrading.com\/it\/"},{"@type":"ListItem","position":2,"name":"Privacy Policy"}]},{"@type":"WebSite","@id":"https:\/\/motorcycletrading.com\/#website","url":"https:\/\/motorcycletrading.com\/","name":"VDM","description":"Import Export Worldwide","potentialAction":[{"@type":"SearchAction","target":{"@type":"EntryPoint","urlTemplate":"https:\/\/motorcycletrading.com\/?s={search_term_string}"},"query-input":{"@type":"PropertyValueSpecification","valueRequired":true,"valueName":"search_term_string"}}],"inLanguage":"it-IT"}]}},"_links":{"self":[{"href":"https:\/\/motorcycletrading.com\/it\/wp-json\/wp\/v2\/pages\/752","targetHints":{"allow":["GET"]}}],"collection":[{"href":"https:\/\/motorcycletrading.com\/it\/wp-json\/wp\/v2\/pages"}],"about":[{"href":"https:\/\/motorcycletrading.com\/it\/wp-json\/wp\/v2\/types\/page"}],"author":[{"embeddable":true,"href":"https:\/\/motorcycletrading.com\/it\/wp-json\/wp\/v2\/users\/3"}],"replies":[{"embeddable":true,"href":"https:\/\/motorcycletrading.com\/it\/wp-json\/wp\/v2\/comments?post=752"}],"version-history":[{"count":1,"href":"https:\/\/motorcycletrading.com\/it\/wp-json\/wp\/v2\/pages\/752\/revisions"}],"predecessor-version":[{"id":753,"href":"https:\/\/motorcycletrading.com\/it\/wp-json\/wp\/v2\/pages\/752\/revisions\/753"}],"wp:attachment":[{"href":"https:\/\/motorcycletrading.com\/it\/wp-json\/wp\/v2\/media?parent=752"}],"curies":[{"name":"wp","href":"https:\/\/api.w.org\/{rel}","templated":true}]}}